{"id":74,"date":"2026-03-16T11:22:08","date_gmt":"2026-03-16T11:22:08","guid":{"rendered":"https:\/\/peluqueriasebastian.com\/?page_id=74"},"modified":"2026-03-17T13:35:58","modified_gmt":"2026-03-17T12:35:58","slug":"preguntas-frecuentes","status":"publish","type":"page","link":"https:\/\/peluqueriasebastian.com\/index.php\/preguntas-frecuentes\/","title":{"rendered":"Preguntas frecuentes"},"content":{"rendered":"\t\t<div data-elementor-type=\"wp-page\" data-elementor-id=\"74\" class=\"elementor elementor-74\" data-elementor-post-type=\"page\">\n\t\t\t\t<div class=\"elementor-element elementor-element-23f3044 e-con-full e-flex e-con e-parent\" data-id=\"23f3044\" data-element_type=\"container\" data-e-type=\"container\">\n\t\t\t\t<div class=\"elementor-element elementor-element-d8b378f elementor-widget elementor-widget-heading\" data-id=\"d8b378f\" data-element_type=\"widget\" data-e-type=\"widget\" data-widget_type=\"heading.default\">\n\t\t\t\t\t<h1 class=\"elementor-heading-title elementor-size-default\">Preguntas frecuentes<\/h1>\t\t\t\t<\/div>\n\t\t<div class=\"elementor-element elementor-element-5eed8ea e-con-full e-flex e-con e-child\" data-id=\"5eed8ea\" data-element_type=\"container\" data-e-type=\"container\">\n\t\t\t\t<div class=\"elementor-element elementor-element-a5b09f4 elementor-widget__width-inherit elementor-widget elementor-widget-toggle\" data-id=\"a5b09f4\" data-element_type=\"widget\" data-e-type=\"widget\" data-widget_type=\"toggle.default\">\n\t\t\t\t\t\t\t<div class=\"elementor-toggle\">\n\t\t\t\t\t\t\t<div class=\"elementor-toggle-item\">\n\t\t\t\t\t<h4 id=\"elementor-tab-title-1731\" class=\"elementor-tab-title\" data-tab=\"1\" role=\"button\" aria-controls=\"elementor-tab-content-1731\" aria-expanded=\"false\">\n\t\t\t\t\t\t\t\t\t\t\t\t<span class=\"elementor-toggle-icon elementor-toggle-icon-right\" aria-hidden=\"true\">\n\t\t\t\t\t\t\t\t\t\t\t\t\t\t\t<span class=\"elementor-toggle-icon-closed\"><svg xmlns=\"http:\/\/www.w3.org\/2000\/svg\" id=\"a1e64e0c-4c41-4fca-8542-7a49c6092caa\" data-name=\"Layer 1\" width=\"16.9661\" height=\"16.9661\" viewBox=\"0 0 16.9661 16.9661\"><defs><style>.aed1427e-e5ff-4359-b373-334313c48315{fill:#1c2448;}<\/style><\/defs><path class=\"aed1427e-e5ff-4359-b373-334313c48315\" d=\"M8.8969,16.966V8.9071h8.0692V8.1012H8.8969V0H8.0693V8.1012H0v.8059H8.0693V16.966Z\" transform=\"translate(0 0.0001)\"><\/path><\/svg><\/span>\n\t\t\t\t\t\t\t\t<span class=\"elementor-toggle-icon-opened\"><svg xmlns=\"http:\/\/www.w3.org\/2000\/svg\" id=\"ef88faed-b140-41a0-9417-c1651f3bd4fc\" data-name=\"Layer 1\" width=\"13.785\" height=\"1.0074\" viewBox=\"0 0 13.785 1.0074\"><defs><style>.e3c7dd86-9752-467e-8574-885a4e9461bb{fill:#1c2448;}<\/style><\/defs><path class=\"e3c7dd86-9752-467e-8574-885a4e9461bb\" d=\"M13.785,1.0338V.0265H0V1.0338Z\" transform=\"translate(0 -0.0265)\"><\/path><\/svg><\/span>\n\t\t\t\t\t\t\t\t\t\t\t\t\t<\/span>\n\t\t\t\t\t\t\t\t\t\t\t\t<a class=\"elementor-toggle-title\" tabindex=\"0\">\u00bfQu\u00e9 tipo de corte y peinado ofrec\u00e9is?<\/a>\n\t\t\t\t\t<\/h4>\n\n\t\t\t\t\t<div id=\"elementor-tab-content-1731\" class=\"elementor-tab-content elementor-clearfix\" data-tab=\"1\" role=\"region\" aria-labelledby=\"elementor-tab-title-1731\"><p>Realizamos cortes y peinados adaptados a la forma del rostro, tipo de cabello y rutina diaria de cada cliente. El objetivo es un resultado pr\u00e1ctico, favorecedor y elegante, que facilite el mantenimiento en casa sin perder estilo.<\/p><\/div>\n\t\t\t\t<\/div>\n\t\t\t\t\t\t\t<div class=\"elementor-toggle-item\">\n\t\t\t\t\t<h4 id=\"elementor-tab-title-1732\" class=\"elementor-tab-title\" data-tab=\"2\" role=\"button\" aria-controls=\"elementor-tab-content-1732\" aria-expanded=\"false\">\n\t\t\t\t\t\t\t\t\t\t\t\t<span class=\"elementor-toggle-icon elementor-toggle-icon-right\" aria-hidden=\"true\">\n\t\t\t\t\t\t\t\t\t\t\t\t\t\t\t<span class=\"elementor-toggle-icon-closed\"><svg xmlns=\"http:\/\/www.w3.org\/2000\/svg\" id=\"a1e64e0c-4c41-4fca-8542-7a49c6092caa\" data-name=\"Layer 1\" width=\"16.9661\" height=\"16.9661\" viewBox=\"0 0 16.9661 16.9661\"><defs><style>.aed1427e-e5ff-4359-b373-334313c48315{fill:#1c2448;}<\/style><\/defs><path class=\"aed1427e-e5ff-4359-b373-334313c48315\" d=\"M8.8969,16.966V8.9071h8.0692V8.1012H8.8969V0H8.0693V8.1012H0v.8059H8.0693V16.966Z\" transform=\"translate(0 0.0001)\"><\/path><\/svg><\/span>\n\t\t\t\t\t\t\t\t<span class=\"elementor-toggle-icon-opened\"><svg xmlns=\"http:\/\/www.w3.org\/2000\/svg\" id=\"ef88faed-b140-41a0-9417-c1651f3bd4fc\" data-name=\"Layer 1\" width=\"13.785\" height=\"1.0074\" viewBox=\"0 0 13.785 1.0074\"><defs><style>.e3c7dd86-9752-467e-8574-885a4e9461bb{fill:#1c2448;}<\/style><\/defs><path class=\"e3c7dd86-9752-467e-8574-885a4e9461bb\" d=\"M13.785,1.0338V.0265H0V1.0338Z\" transform=\"translate(0 -0.0265)\"><\/path><\/svg><\/span>\n\t\t\t\t\t\t\t\t\t\t\t\t\t<\/span>\n\t\t\t\t\t\t\t\t\t\t\t\t<a class=\"elementor-toggle-title\" tabindex=\"0\">\u00bfQu\u00e9 cuidados capilares y tratamientos recomiendan?<\/a>\n\t\t\t\t\t<\/h4>\n\n\t\t\t\t\t<div id=\"elementor-tab-content-1732\" class=\"elementor-tab-content elementor-clearfix\" data-tab=\"2\" role=\"region\" aria-labelledby=\"elementor-tab-title-1732\"><p data-start=\"464\" data-end=\"689\">Se ofrecen tratamientos y asesoramiento individualizados para mejorar la salud, manejabilidad y apariencia del cabello. Cada propuesta se ajusta al diagn\u00f3stico real del cabello, garantizando resultados visibles y duraderos.<\/p><\/div>\n\t\t\t\t<\/div>\n\t\t\t\t\t\t\t<div class=\"elementor-toggle-item\">\n\t\t\t\t\t<h4 id=\"elementor-tab-title-1733\" class=\"elementor-tab-title\" data-tab=\"3\" role=\"button\" aria-controls=\"elementor-tab-content-1733\" aria-expanded=\"false\">\n\t\t\t\t\t\t\t\t\t\t\t\t<span class=\"elementor-toggle-icon elementor-toggle-icon-right\" aria-hidden=\"true\">\n\t\t\t\t\t\t\t\t\t\t\t\t\t\t\t<span class=\"elementor-toggle-icon-closed\"><svg xmlns=\"http:\/\/www.w3.org\/2000\/svg\" id=\"a1e64e0c-4c41-4fca-8542-7a49c6092caa\" data-name=\"Layer 1\" width=\"16.9661\" height=\"16.9661\" viewBox=\"0 0 16.9661 16.9661\"><defs><style>.aed1427e-e5ff-4359-b373-334313c48315{fill:#1c2448;}<\/style><\/defs><path class=\"aed1427e-e5ff-4359-b373-334313c48315\" d=\"M8.8969,16.966V8.9071h8.0692V8.1012H8.8969V0H8.0693V8.1012H0v.8059H8.0693V16.966Z\" transform=\"translate(0 0.0001)\"><\/path><\/svg><\/span>\n\t\t\t\t\t\t\t\t<span class=\"elementor-toggle-icon-opened\"><svg xmlns=\"http:\/\/www.w3.org\/2000\/svg\" id=\"ef88faed-b140-41a0-9417-c1651f3bd4fc\" data-name=\"Layer 1\" width=\"13.785\" height=\"1.0074\" viewBox=\"0 0 13.785 1.0074\"><defs><style>.e3c7dd86-9752-467e-8574-885a4e9461bb{fill:#1c2448;}<\/style><\/defs><path class=\"e3c7dd86-9752-467e-8574-885a4e9461bb\" d=\"M13.785,1.0338V.0265H0V1.0338Z\" transform=\"translate(0 -0.0265)\"><\/path><\/svg><\/span>\n\t\t\t\t\t\t\t\t\t\t\t\t\t<\/span>\n\t\t\t\t\t\t\t\t\t\t\t\t<a class=\"elementor-toggle-title\" tabindex=\"0\">\u00bfQu\u00e9 incluye el servicio de novias e invitadas?<\/a>\n\t\t\t\t\t<\/h4>\n\n\t\t\t\t\t<div id=\"elementor-tab-content-1733\" class=\"elementor-tab-content elementor-clearfix\" data-tab=\"3\" role=\"region\" aria-labelledby=\"elementor-tab-title-1733\"><p data-start=\"179\" data-end=\"455\">El servicio de novias e invitadas est\u00e1 dise\u00f1ado para crear un look personalizado, duradero y elegante. Incluye prueba previa, asesoramiento seg\u00fan el vestido, tipo de cabello y facciones, y un trabajo adaptado al estilo deseado, garantizando un resultado cuidado y armonioso.<\/p><\/div>\n\t\t\t\t<\/div>\n\t\t\t\t\t\t\t<div class=\"elementor-toggle-item\">\n\t\t\t\t\t<h4 id=\"elementor-tab-title-1734\" class=\"elementor-tab-title\" data-tab=\"4\" role=\"button\" aria-controls=\"elementor-tab-content-1734\" aria-expanded=\"false\">\n\t\t\t\t\t\t\t\t\t\t\t\t<span class=\"elementor-toggle-icon elementor-toggle-icon-right\" aria-hidden=\"true\">\n\t\t\t\t\t\t\t\t\t\t\t\t\t\t\t<span class=\"elementor-toggle-icon-closed\"><svg xmlns=\"http:\/\/www.w3.org\/2000\/svg\" id=\"a1e64e0c-4c41-4fca-8542-7a49c6092caa\" data-name=\"Layer 1\" width=\"16.9661\" height=\"16.9661\" viewBox=\"0 0 16.9661 16.9661\"><defs><style>.aed1427e-e5ff-4359-b373-334313c48315{fill:#1c2448;}<\/style><\/defs><path class=\"aed1427e-e5ff-4359-b373-334313c48315\" d=\"M8.8969,16.966V8.9071h8.0692V8.1012H8.8969V0H8.0693V8.1012H0v.8059H8.0693V16.966Z\" transform=\"translate(0 0.0001)\"><\/path><\/svg><\/span>\n\t\t\t\t\t\t\t\t<span class=\"elementor-toggle-icon-opened\"><svg xmlns=\"http:\/\/www.w3.org\/2000\/svg\" id=\"ef88faed-b140-41a0-9417-c1651f3bd4fc\" data-name=\"Layer 1\" width=\"13.785\" height=\"1.0074\" viewBox=\"0 0 13.785 1.0074\"><defs><style>.e3c7dd86-9752-467e-8574-885a4e9461bb{fill:#1c2448;}<\/style><\/defs><path class=\"e3c7dd86-9752-467e-8574-885a4e9461bb\" d=\"M13.785,1.0338V.0265H0V1.0338Z\" transform=\"translate(0 -0.0265)\"><\/path><\/svg><\/span>\n\t\t\t\t\t\t\t\t\t\t\t\t\t<\/span>\n\t\t\t\t\t\t\t\t\t\t\t\t<a class=\"elementor-toggle-title\" tabindex=\"0\">\u00bfC\u00f3mo funcionan las extensiones y c\u00f3mo se adaptan a mi pelo?<\/a>\n\t\t\t\t\t<\/h4>\n\n\t\t\t\t\t<div id=\"elementor-tab-content-1734\" class=\"elementor-tab-content elementor-clearfix\" data-tab=\"4\" role=\"region\" aria-labelledby=\"elementor-tab-title-1734\"><p data-start=\"535\" data-end=\"825\">Las extensiones se seleccionan tras una valoraci\u00f3n personalizada para aportar longitud, densidad o mejorar el acabado natural del cabello. Se busca que el resultado sea totalmente integrado y arm\u00f3nico, y se proporciona orientaci\u00f3n sobre el mantenimiento adecuado seg\u00fan el tipo de cabello.<\/p><\/div>\n\t\t\t\t<\/div>\n\t\t\t\t\t\t\t\t<\/div>\n\t\t\t\t\t\t<\/div>\n\t\t\t\t<div class=\"elementor-element elementor-element-5e5d5a2 elementor-widget__width-inherit elementor-widget elementor-widget-toggle\" data-id=\"5e5d5a2\" data-element_type=\"widget\" data-e-type=\"widget\" data-widget_type=\"toggle.default\">\n\t\t\t\t\t\t\t<div class=\"elementor-toggle\">\n\t\t\t\t\t\t\t<div class=\"elementor-toggle-item\">\n\t\t\t\t\t<h4 id=\"elementor-tab-title-9891\" class=\"elementor-tab-title\" data-tab=\"1\" role=\"button\" aria-controls=\"elementor-tab-content-9891\" aria-expanded=\"false\">\n\t\t\t\t\t\t\t\t\t\t\t\t<span class=\"elementor-toggle-icon elementor-toggle-icon-right\" aria-hidden=\"true\">\n\t\t\t\t\t\t\t\t\t\t\t\t\t\t\t<span class=\"elementor-toggle-icon-closed\"><svg xmlns=\"http:\/\/www.w3.org\/2000\/svg\" id=\"a1e64e0c-4c41-4fca-8542-7a49c6092caa\" data-name=\"Layer 1\" width=\"16.9661\" height=\"16.9661\" viewBox=\"0 0 16.9661 16.9661\"><defs><style>.aed1427e-e5ff-4359-b373-334313c48315{fill:#1c2448;}<\/style><\/defs><path class=\"aed1427e-e5ff-4359-b373-334313c48315\" d=\"M8.8969,16.966V8.9071h8.0692V8.1012H8.8969V0H8.0693V8.1012H0v.8059H8.0693V16.966Z\" transform=\"translate(0 0.0001)\"><\/path><\/svg><\/span>\n\t\t\t\t\t\t\t\t<span class=\"elementor-toggle-icon-opened\"><svg xmlns=\"http:\/\/www.w3.org\/2000\/svg\" id=\"ef88faed-b140-41a0-9417-c1651f3bd4fc\" data-name=\"Layer 1\" width=\"13.785\" height=\"1.0074\" viewBox=\"0 0 13.785 1.0074\"><defs><style>.e3c7dd86-9752-467e-8574-885a4e9461bb{fill:#1c2448;}<\/style><\/defs><path class=\"e3c7dd86-9752-467e-8574-885a4e9461bb\" d=\"M13.785,1.0338V.0265H0V1.0338Z\" transform=\"translate(0 -0.0265)\"><\/path><\/svg><\/span>\n\t\t\t\t\t\t\t\t\t\t\t\t\t<\/span>\n\t\t\t\t\t\t\t\t\t\t\t\t<a class=\"elementor-toggle-title\" tabindex=\"0\">\u00bfEn qu\u00e9 consiste el servicio de balayage?<\/a>\n\t\t\t\t\t<\/h4>\n\n\t\t\t\t\t<div id=\"elementor-tab-content-9891\" class=\"elementor-tab-content elementor-clearfix\" data-tab=\"1\" role=\"region\" aria-labelledby=\"elementor-tab-title-9891\"><p data-start=\"883\" data-end=\"1143\">El balayage es una t\u00e9cnica de coloraci\u00f3n que aporta luz, movimiento y dimensi\u00f3n al cabello con un resultado natural y elegante. Se aplica de manera estrat\u00e9gica desde la ra\u00edz hasta las puntas para lograr un degradado suave y evitar un efecto r\u00edgido o marcado.<\/p><\/div>\n\t\t\t\t<\/div>\n\t\t\t\t\t\t\t<div class=\"elementor-toggle-item\">\n\t\t\t\t\t<h4 id=\"elementor-tab-title-9892\" class=\"elementor-tab-title\" data-tab=\"2\" role=\"button\" aria-controls=\"elementor-tab-content-9892\" aria-expanded=\"false\">\n\t\t\t\t\t\t\t\t\t\t\t\t<span class=\"elementor-toggle-icon elementor-toggle-icon-right\" aria-hidden=\"true\">\n\t\t\t\t\t\t\t\t\t\t\t\t\t\t\t<span class=\"elementor-toggle-icon-closed\"><svg xmlns=\"http:\/\/www.w3.org\/2000\/svg\" id=\"a1e64e0c-4c41-4fca-8542-7a49c6092caa\" data-name=\"Layer 1\" width=\"16.9661\" height=\"16.9661\" viewBox=\"0 0 16.9661 16.9661\"><defs><style>.aed1427e-e5ff-4359-b373-334313c48315{fill:#1c2448;}<\/style><\/defs><path class=\"aed1427e-e5ff-4359-b373-334313c48315\" d=\"M8.8969,16.966V8.9071h8.0692V8.1012H8.8969V0H8.0693V8.1012H0v.8059H8.0693V16.966Z\" transform=\"translate(0 0.0001)\"><\/path><\/svg><\/span>\n\t\t\t\t\t\t\t\t<span class=\"elementor-toggle-icon-opened\"><svg xmlns=\"http:\/\/www.w3.org\/2000\/svg\" id=\"ef88faed-b140-41a0-9417-c1651f3bd4fc\" data-name=\"Layer 1\" width=\"13.785\" height=\"1.0074\" viewBox=\"0 0 13.785 1.0074\"><defs><style>.e3c7dd86-9752-467e-8574-885a4e9461bb{fill:#1c2448;}<\/style><\/defs><path class=\"e3c7dd86-9752-467e-8574-885a4e9461bb\" d=\"M13.785,1.0338V.0265H0V1.0338Z\" transform=\"translate(0 -0.0265)\"><\/path><\/svg><\/span>\n\t\t\t\t\t\t\t\t\t\t\t\t\t<\/span>\n\t\t\t\t\t\t\t\t\t\t\t\t<a class=\"elementor-toggle-title\" tabindex=\"0\">\u00bfEs seguro hacerse coloraci\u00f3n durante el embarazo?<\/a>\n\t\t\t\t\t<\/h4>\n\n\t\t\t\t\t<div id=\"elementor-tab-content-9892\" class=\"elementor-tab-content elementor-clearfix\" data-tab=\"2\" role=\"region\" aria-labelledby=\"elementor-tab-title-9892\"><p data-start=\"1210\" data-end=\"1486\">Peluquer\u00eda Sebasti\u00e1n ofrece alternativas como la coloraci\u00f3n al agua o barros, m\u00e1s respetuosas con el cabello y cuero cabelludo. Sin embargo, su uso durante el embarazo se realiza \u00fanicamente tras una valoraci\u00f3n profesional individualizada para garantizar seguridad y cuidado.<\/p><\/div>\n\t\t\t\t<\/div>\n\t\t\t\t\t\t\t<div class=\"elementor-toggle-item\">\n\t\t\t\t\t<h4 id=\"elementor-tab-title-9893\" class=\"elementor-tab-title\" data-tab=\"3\" role=\"button\" aria-controls=\"elementor-tab-content-9893\" aria-expanded=\"false\">\n\t\t\t\t\t\t\t\t\t\t\t\t<span class=\"elementor-toggle-icon elementor-toggle-icon-right\" aria-hidden=\"true\">\n\t\t\t\t\t\t\t\t\t\t\t\t\t\t\t<span class=\"elementor-toggle-icon-closed\"><svg xmlns=\"http:\/\/www.w3.org\/2000\/svg\" id=\"a1e64e0c-4c41-4fca-8542-7a49c6092caa\" data-name=\"Layer 1\" width=\"16.9661\" height=\"16.9661\" viewBox=\"0 0 16.9661 16.9661\"><defs><style>.aed1427e-e5ff-4359-b373-334313c48315{fill:#1c2448;}<\/style><\/defs><path class=\"aed1427e-e5ff-4359-b373-334313c48315\" d=\"M8.8969,16.966V8.9071h8.0692V8.1012H8.8969V0H8.0693V8.1012H0v.8059H8.0693V16.966Z\" transform=\"translate(0 0.0001)\"><\/path><\/svg><\/span>\n\t\t\t\t\t\t\t\t<span class=\"elementor-toggle-icon-opened\"><svg xmlns=\"http:\/\/www.w3.org\/2000\/svg\" id=\"ef88faed-b140-41a0-9417-c1651f3bd4fc\" data-name=\"Layer 1\" width=\"13.785\" height=\"1.0074\" viewBox=\"0 0 13.785 1.0074\"><defs><style>.e3c7dd86-9752-467e-8574-885a4e9461bb{fill:#1c2448;}<\/style><\/defs><path class=\"e3c7dd86-9752-467e-8574-885a4e9461bb\" d=\"M13.785,1.0338V.0265H0V1.0338Z\" transform=\"translate(0 -0.0265)\"><\/path><\/svg><\/span>\n\t\t\t\t\t\t\t\t\t\t\t\t\t<\/span>\n\t\t\t\t\t\t\t\t\t\t\t\t<a class=\"elementor-toggle-title\" tabindex=\"0\">\u00bfC\u00f3mo puedo reservar una cita y qu\u00e9 opciones de contacto hay?<\/a>\n\t\t\t\t\t<\/h4>\n\n\t\t\t\t\t<div id=\"elementor-tab-content-9893\" class=\"elementor-tab-content elementor-clearfix\" data-tab=\"3\" role=\"region\" aria-labelledby=\"elementor-tab-title-9893\"><p data-start=\"1564\" data-end=\"1794\">La reserva principal se realiza mediante Booksy, asegurando disponibilidad y confirmaci\u00f3n r\u00e1pida. Como apoyo, tambi\u00e9n se puede contactar por WhatsApp, aunque este canal es complementario y no sustituye la reserva formal.<\/p><\/div>\n\t\t\t\t<\/div>\n\t\t\t\t\t\t\t<div class=\"elementor-toggle-item\">\n\t\t\t\t\t<h4 id=\"elementor-tab-title-9894\" class=\"elementor-tab-title\" data-tab=\"4\" role=\"button\" aria-controls=\"elementor-tab-content-9894\" aria-expanded=\"false\">\n\t\t\t\t\t\t\t\t\t\t\t\t<span class=\"elementor-toggle-icon elementor-toggle-icon-right\" aria-hidden=\"true\">\n\t\t\t\t\t\t\t\t\t\t\t\t\t\t\t<span class=\"elementor-toggle-icon-closed\"><svg xmlns=\"http:\/\/www.w3.org\/2000\/svg\" id=\"a1e64e0c-4c41-4fca-8542-7a49c6092caa\" data-name=\"Layer 1\" width=\"16.9661\" height=\"16.9661\" viewBox=\"0 0 16.9661 16.9661\"><defs><style>.aed1427e-e5ff-4359-b373-334313c48315{fill:#1c2448;}<\/style><\/defs><path class=\"aed1427e-e5ff-4359-b373-334313c48315\" d=\"M8.8969,16.966V8.9071h8.0692V8.1012H8.8969V0H8.0693V8.1012H0v.8059H8.0693V16.966Z\" transform=\"translate(0 0.0001)\"><\/path><\/svg><\/span>\n\t\t\t\t\t\t\t\t<span class=\"elementor-toggle-icon-opened\"><svg xmlns=\"http:\/\/www.w3.org\/2000\/svg\" id=\"ef88faed-b140-41a0-9417-c1651f3bd4fc\" data-name=\"Layer 1\" width=\"13.785\" height=\"1.0074\" viewBox=\"0 0 13.785 1.0074\"><defs><style>.e3c7dd86-9752-467e-8574-885a4e9461bb{fill:#1c2448;}<\/style><\/defs><path class=\"e3c7dd86-9752-467e-8574-885a4e9461bb\" d=\"M13.785,1.0338V.0265H0V1.0338Z\" transform=\"translate(0 -0.0265)\"><\/path><\/svg><\/span>\n\t\t\t\t\t\t\t\t\t\t\t\t\t<\/span>\n\t\t\t\t\t\t\t\t\t\t\t\t<a class=\"elementor-toggle-title\" tabindex=\"0\">\u00bfQu\u00e9 diferencia a Peluquer\u00eda Sebasti\u00e1n de otros salones?<\/a>\n\t\t\t\t\t<\/h4>\n\n\t\t\t\t\t<div id=\"elementor-tab-content-9894\" class=\"elementor-tab-content elementor-clearfix\" data-tab=\"4\" role=\"region\" aria-labelledby=\"elementor-tab-title-9894\"><p data-start=\"762\" data-end=\"1052\">El sal\u00f3n se distingue por la atenci\u00f3n personalizada, la especializaci\u00f3n en novias, extensiones y balayage, y el trabajo detallista enfocado en resultados naturales y elegantes. No es un sal\u00f3n masivo, sino un espacio donde cada clienta recibe un servicio adaptado a sus necesidades reales.<\/p><\/div>\n\t\t\t\t<\/div>\n\t\t\t\t\t\t\t\t<\/div>\n\t\t\t\t\t\t<\/div>\n\t\t\t\t<\/div>\n\t\t\t\t<\/div>\n\t\t\t\t<\/div>\n\t\t","protected":false},"excerpt":{"rendered":"<p>Preguntas frecuentes \u00bfQu\u00e9 tipo de corte y peinado ofrec\u00e9is? Realizamos cortes y peinados adaptados a la forma del rostro, tipo de cabello y rutina diaria de cada cliente. El objetivo es un resultado pr\u00e1ctico, favorecedor y elegante, que facilite el mantenimiento en casa sin perder estilo. \u00bfQu\u00e9 cuidados capilares y tratamientos recomiendan? Se ofrecen tratamientos [&hellip;]<\/p>\n","protected":false},"author":1,"featured_media":0,"parent":0,"menu_order":0,"comment_status":"closed","ping_status":"closed","template":"","meta":{"footnotes":""},"class_list":["post-74","page","type-page","status-publish","hentry"],"_links":{"self":[{"href":"https:\/\/peluqueriasebastian.com\/index.php\/wp-json\/wp\/v2\/pages\/74","targetHints":{"allow":["GET"]}}],"collection":[{"href":"https:\/\/peluqueriasebastian.com\/index.php\/wp-json\/wp\/v2\/pages"}],"about":[{"href":"https:\/\/peluqueriasebastian.com\/index.php\/wp-json\/wp\/v2\/types\/page"}],"author":[{"embeddable":true,"href":"https:\/\/peluqueriasebastian.com\/index.php\/wp-json\/wp\/v2\/users\/1"}],"replies":[{"embeddable":true,"href":"https:\/\/peluqueriasebastian.com\/index.php\/wp-json\/wp\/v2\/comments?post=74"}],"version-history":[{"count":37,"href":"https:\/\/peluqueriasebastian.com\/index.php\/wp-json\/wp\/v2\/pages\/74\/revisions"}],"predecessor-version":[{"id":828,"href":"https:\/\/peluqueriasebastian.com\/index.php\/wp-json\/wp\/v2\/pages\/74\/revisions\/828"}],"wp:attachment":[{"href":"https:\/\/peluqueriasebastian.com\/index.php\/wp-json\/wp\/v2\/media?parent=74"}],"curies":[{"name":"wp","href":"https:\/\/api.w.org\/{rel}","templated":true}]}}