{"id":63,"date":"2026-03-16T11:21:18","date_gmt":"2026-03-16T11:21:18","guid":{"rendered":"https:\/\/peluqueriasebastian.com\/?page_id=63"},"modified":"2026-03-17T13:27:08","modified_gmt":"2026-03-17T12:27:08","slug":"sobre-nosotros","status":"publish","type":"page","link":"https:\/\/peluqueriasebastian.com\/index.php\/sobre-nosotros\/","title":{"rendered":"Sobre nosotros"},"content":{"rendered":"\t\t<div data-elementor-type=\"wp-page\" data-elementor-id=\"63\" class=\"elementor elementor-63\" data-elementor-post-type=\"page\">\n\t\t\t\t<div class=\"elementor-element elementor-element-8706e46 e-con-full e-flex e-con e-parent\" data-id=\"8706e46\" data-element_type=\"container\" data-e-type=\"container\" data-settings=\"{&quot;background_background&quot;:&quot;classic&quot;}\">\n\t\t\t\t<div class=\"elementor-element elementor-element-72d462d elementor-widget elementor-widget-heading\" data-id=\"72d462d\" data-element_type=\"widget\" data-e-type=\"widget\" data-widget_type=\"heading.default\">\n\t\t\t\t\t<h1 class=\"elementor-heading-title elementor-size-default\">Sobre nosotros<\/h1>\t\t\t\t<\/div>\n\t\t\t\t<div class=\"elementor-element elementor-element-dbb2a5d elementor-widget elementor-widget-text-editor\" data-id=\"dbb2a5d\" data-element_type=\"widget\" data-e-type=\"widget\" data-widget_type=\"text-editor.default\">\n\t\t\t\t\t\t\t\t\t<p>Descubre m\u00e1s sobre nuestra peluquer\u00eda<\/p>\t\t\t\t\t\t\t\t<\/div>\n\t\t\t\t<\/div>\n\t\t<div class=\"elementor-element elementor-element-2e64776a e-con-full e-flex e-con e-parent\" data-id=\"2e64776a\" data-element_type=\"container\" data-e-type=\"container\">\n\t\t<div class=\"elementor-element elementor-element-375ef46b e-con-full e-flex e-con e-child\" data-id=\"375ef46b\" data-element_type=\"container\" data-e-type=\"container\">\n\t\t\t\t<div class=\"elementor-element elementor-element-2228b437 elementor-widget elementor-widget-heading\" data-id=\"2228b437\" data-element_type=\"widget\" data-e-type=\"widget\" data-widget_type=\"heading.default\">\n\t\t\t\t\t<h2 class=\"elementor-heading-title elementor-size-default\">Quienes somos<\/h2>\t\t\t\t<\/div>\n\t\t\t\t<div class=\"elementor-element elementor-element-7e542707 elementor-widget elementor-widget-text-editor\" data-id=\"7e542707\" data-element_type=\"widget\" data-e-type=\"widget\" data-widget_type=\"text-editor.default\">\n\t\t\t\t\t\t\t\t\t<p>La peluquer\u00eda Sebasti\u00e1n combina tradici\u00f3n y evoluci\u00f3n, con un enfoque de atenci\u00f3n personalizada y especializaci\u00f3n en servicios como novias, extensiones y coloraci\u00f3n, cuidando cada detalle para ofrecer resultados naturales, elegantes y duraderos.<\/p>\t\t\t\t\t\t\t\t<\/div>\n\t\t\t\t<\/div>\n\t\t<div class=\"elementor-element elementor-element-22b85e19 e-con-full e-flex e-con e-child\" data-id=\"22b85e19\" data-element_type=\"container\" data-e-type=\"container\" data-settings=\"{&quot;background_background&quot;:&quot;classic&quot;}\">\n\t\t\t\t<div class=\"elementor-element elementor-element-2f3a6056 elementor-widget__width-initial elementor-widget elementor-widget-image\" data-id=\"2f3a6056\" data-element_type=\"widget\" data-e-type=\"widget\" data-widget_type=\"image.default\">\n\t\t\t\t\t\t\t\t\t\t\t\t\t\t\t<img fetchpriority=\"high\" decoding=\"async\" width=\"603\" height=\"808\" src=\"https:\/\/peluqueriasebastian.com\/wp-content\/uploads\/2026\/03\/Captura-de-pantalla-2026-03-16-124914.png\" class=\"attachment-full size-full wp-image-120\" alt=\"\" srcset=\"https:\/\/peluqueriasebastian.com\/wp-content\/uploads\/2026\/03\/Captura-de-pantalla-2026-03-16-124914.png 603w, https:\/\/peluqueriasebastian.com\/wp-content\/uploads\/2026\/03\/Captura-de-pantalla-2026-03-16-124914-224x300.png 224w\" sizes=\"(max-width: 603px) 100vw, 603px\" \/>\t\t\t\t\t\t\t\t\t\t\t\t\t\t\t<\/div>\n\t\t\t\t<\/div>\n\t\t\t\t<\/div>\n\t\t<div class=\"elementor-element elementor-element-78bc655 e-con-full e-flex e-con e-parent\" data-id=\"78bc655\" data-element_type=\"container\" data-e-type=\"container\" data-settings=\"{&quot;background_background&quot;:&quot;classic&quot;}\">\n\t\t<div class=\"elementor-element elementor-element-38284caf e-con-full e-flex e-con e-child\" data-id=\"38284caf\" data-element_type=\"container\" data-e-type=\"container\">\n\t\t\t\t<div class=\"elementor-element elementor-element-6ea897ae elementor-widget elementor-widget-image\" data-id=\"6ea897ae\" data-element_type=\"widget\" data-e-type=\"widget\" data-widget_type=\"image.default\">\n\t\t\t\t\t\t\t\t\t\t\t\t\t\t\t<img decoding=\"async\" width=\"1152\" height=\"2048\" src=\"https:\/\/peluqueriasebastian.com\/wp-content\/uploads\/2026\/03\/605550369_1310725714403112_628602628702689268_n.jpg\" class=\"attachment-full size-full wp-image-119\" alt=\"\" srcset=\"https:\/\/peluqueriasebastian.com\/wp-content\/uploads\/2026\/03\/605550369_1310725714403112_628602628702689268_n.jpg 1152w, https:\/\/peluqueriasebastian.com\/wp-content\/uploads\/2026\/03\/605550369_1310725714403112_628602628702689268_n-169x300.jpg 169w, https:\/\/peluqueriasebastian.com\/wp-content\/uploads\/2026\/03\/605550369_1310725714403112_628602628702689268_n-576x1024.jpg 576w, https:\/\/peluqueriasebastian.com\/wp-content\/uploads\/2026\/03\/605550369_1310725714403112_628602628702689268_n-768x1365.jpg 768w, https:\/\/peluqueriasebastian.com\/wp-content\/uploads\/2026\/03\/605550369_1310725714403112_628602628702689268_n-864x1536.jpg 864w\" sizes=\"(max-width: 1152px) 100vw, 1152px\" \/>\t\t\t\t\t\t\t\t\t\t\t\t\t\t\t<\/div>\n\t\t\t\t<\/div>\n\t\t<div class=\"elementor-element elementor-element-4b463a1b e-con-full e-flex e-con e-child\" data-id=\"4b463a1b\" data-element_type=\"container\" data-e-type=\"container\">\n\t\t\t\t<div class=\"elementor-element elementor-element-747d71af elementor-widget elementor-widget-heading\" data-id=\"747d71af\" data-element_type=\"widget\" data-e-type=\"widget\" data-widget_type=\"heading.default\">\n\t\t\t\t\t<h2 class=\"elementor-heading-title elementor-size-default\">Qu\u00e9 nos caracteriza<\/h2>\t\t\t\t<\/div>\n\t\t\t\t<div class=\"elementor-element elementor-element-3f76b073 elementor-widget elementor-widget-text-editor\" data-id=\"3f76b073\" data-element_type=\"widget\" data-e-type=\"widget\" data-widget_type=\"text-editor.default\">\n\t\t\t\t\t\t\t\t\t<p>El principal diferencial de Peluquer\u00eda Sebasti\u00e1n es la combinaci\u00f3n de trato personalizado, trabajo detallista y especializaci\u00f3n en servicios de mayor valor como novias, extensiones y coloraci\u00f3n. No se plantea como un sal\u00f3n masivo, sino como un espacio donde cada clienta recibe una propuesta ajustada a su caso real.<\/p>\t\t\t\t\t\t\t\t<\/div>\n\t\t\t\t<\/div>\n\t\t\t\t<\/div>\n\t\t<div class=\"elementor-element elementor-element-f6c584a e-con-full e-flex e-con e-parent\" data-id=\"f6c584a\" data-element_type=\"container\" data-e-type=\"container\">\n\t\t<div class=\"elementor-element elementor-element-59940ee e-con-full e-flex e-con e-child\" data-id=\"59940ee\" data-element_type=\"container\" data-e-type=\"container\">\n\t\t\t\t<div class=\"elementor-element elementor-element-7589850a elementor-widget elementor-widget-heading\" data-id=\"7589850a\" data-element_type=\"widget\" data-e-type=\"widget\" data-widget_type=\"heading.default\">\n\t\t\t\t\t<h2 class=\"elementor-heading-title elementor-size-default\">Por qu\u00e9 elegirnos<\/h2>\t\t\t\t<\/div>\n\t\t\t\t<div class=\"elementor-element elementor-element-7c7eec20 elementor-widget elementor-widget-text-editor\" data-id=\"7c7eec20\" data-element_type=\"widget\" data-e-type=\"widget\" data-widget_type=\"text-editor.default\">\n\t\t\t\t\t\t\t\t\t<p>La marca apuesta por una atenci\u00f3n cercana, un trabajo detallista y una experiencia de calidad, con un enfoque claro en realzar la imagen de cada clienta seg\u00fan sus necesidades, su estilo y el estado real de su cabello.<\/p>\t\t\t\t\t\t\t\t<\/div>\n\t\t\t\t<div class=\"elementor-element elementor-element-6ac3fcc5 elementor-align-start elementor-icon-list--layout-traditional elementor-list-item-link-full_width elementor-widget elementor-widget-icon-list\" data-id=\"6ac3fcc5\" data-element_type=\"widget\" data-e-type=\"widget\" data-widget_type=\"icon-list.default\">\n\t\t\t\t\t\t\t<ul class=\"elementor-icon-list-items\">\n\t\t\t\t\t\t\t<li class=\"elementor-icon-list-item\">\n\t\t\t\t\t\t\t\t\t\t\t<a href=\"#\">\n\n\t\t\t\t\t\t\t\t\t\t\t\t<span class=\"elementor-icon-list-icon\">\n\t\t\t\t\t\t\t<svg aria-hidden=\"true\" class=\"e-font-icon-svg e-fas-square-full\" viewBox=\"0 0 512 512\" xmlns=\"http:\/\/www.w3.org\/2000\/svg\"><path d=\"M512 512H0V0h512v512z\"><\/path><\/svg>\t\t\t\t\t\t<\/span>\n\t\t\t\t\t\t\t\t\t\t<span class=\"elementor-icon-list-text\">Atenci\u00f3n personalizada.<\/span>\n\t\t\t\t\t\t\t\t\t\t\t<\/a>\n\t\t\t\t\t\t\t\t\t<\/li>\n\t\t\t\t\t\t\t\t<li class=\"elementor-icon-list-item\">\n\t\t\t\t\t\t\t\t\t\t\t<a href=\"#\">\n\n\t\t\t\t\t\t\t\t\t\t\t\t<span class=\"elementor-icon-list-icon\">\n\t\t\t\t\t\t\t<svg aria-hidden=\"true\" class=\"e-font-icon-svg e-fas-square-full\" viewBox=\"0 0 512 512\" xmlns=\"http:\/\/www.w3.org\/2000\/svg\"><path d=\"M512 512H0V0h512v512z\"><\/path><\/svg>\t\t\t\t\t\t<\/span>\n\t\t\t\t\t\t\t\t\t\t<span class=\"elementor-icon-list-text\">Especializaci\u00f3n en novias, extensiones y balayage.<\/span>\n\t\t\t\t\t\t\t\t\t\t\t<\/a>\n\t\t\t\t\t\t\t\t\t<\/li>\n\t\t\t\t\t\t\t\t<li class=\"elementor-icon-list-item\">\n\t\t\t\t\t\t\t\t\t\t\t<a href=\"#\">\n\n\t\t\t\t\t\t\t\t\t\t\t\t<span class=\"elementor-icon-list-icon\">\n\t\t\t\t\t\t\t<svg aria-hidden=\"true\" class=\"e-font-icon-svg e-fas-square-full\" viewBox=\"0 0 512 512\" xmlns=\"http:\/\/www.w3.org\/2000\/svg\"><path d=\"M512 512H0V0h512v512z\"><\/path><\/svg>\t\t\t\t\t\t<\/span>\n\t\t\t\t\t\t\t\t\t\t<span class=\"elementor-icon-list-text\">Resultados elegantes, naturales y cuidados.<\/span>\n\t\t\t\t\t\t\t\t\t\t\t<\/a>\n\t\t\t\t\t\t\t\t\t<\/li>\n\t\t\t\t\t\t\t\t<li class=\"elementor-icon-list-item\">\n\t\t\t\t\t\t\t\t\t\t\t<a href=\"#\">\n\n\t\t\t\t\t\t\t\t\t\t\t\t<span class=\"elementor-icon-list-icon\">\n\t\t\t\t\t\t\t<svg aria-hidden=\"true\" class=\"e-font-icon-svg e-fas-square-full\" viewBox=\"0 0 512 512\" xmlns=\"http:\/\/www.w3.org\/2000\/svg\"><path d=\"M512 512H0V0h512v512z\"><\/path><\/svg>\t\t\t\t\t\t<\/span>\n\t\t\t\t\t\t\t\t\t\t<span class=\"elementor-icon-list-text\">Asesoramiento individual seg\u00fan necesidad real.<\/span>\n\t\t\t\t\t\t\t\t\t\t\t<\/a>\n\t\t\t\t\t\t\t\t\t<\/li>\n\t\t\t\t\t\t<\/ul>\n\t\t\t\t\t\t<\/div>\n\t\t\t\t<\/div>\n\t\t<div class=\"elementor-element elementor-element-4dc0ae55 e-con-full e-flex e-con e-child\" data-id=\"4dc0ae55\" data-element_type=\"container\" data-e-type=\"container\">\n\t\t\t\t<div class=\"elementor-element elementor-element-76c62f6b elementor-widget elementor-widget-image\" data-id=\"76c62f6b\" data-element_type=\"widget\" data-e-type=\"widget\" data-widget_type=\"image.default\">\n\t\t\t\t\t\t\t\t\t\t\t\t\t\t\t<img decoding=\"async\" width=\"1440\" height=\"1800\" src=\"https:\/\/peluqueriasebastian.com\/wp-content\/uploads\/2026\/03\/474201442_1042975317844821_4655222562914201618_n.jpg\" class=\"attachment-full size-full wp-image-118\" alt=\"\" srcset=\"https:\/\/peluqueriasebastian.com\/wp-content\/uploads\/2026\/03\/474201442_1042975317844821_4655222562914201618_n.jpg 1440w, https:\/\/peluqueriasebastian.com\/wp-content\/uploads\/2026\/03\/474201442_1042975317844821_4655222562914201618_n-240x300.jpg 240w, https:\/\/peluqueriasebastian.com\/wp-content\/uploads\/2026\/03\/474201442_1042975317844821_4655222562914201618_n-819x1024.jpg 819w, https:\/\/peluqueriasebastian.com\/wp-content\/uploads\/2026\/03\/474201442_1042975317844821_4655222562914201618_n-768x960.jpg 768w, https:\/\/peluqueriasebastian.com\/wp-content\/uploads\/2026\/03\/474201442_1042975317844821_4655222562914201618_n-1229x1536.jpg 1229w\" sizes=\"(max-width: 1440px) 100vw, 1440px\" \/>\t\t\t\t\t\t\t\t\t\t\t\t\t\t\t<\/div>\n\t\t\t\t<\/div>\n\t\t\t\t<\/div>\n\t\t<div class=\"elementor-element elementor-element-63510d9e e-con-full e-flex e-con e-parent\" data-id=\"63510d9e\" data-element_type=\"container\" data-e-type=\"container\" data-settings=\"{&quot;background_background&quot;:&quot;classic&quot;}\">\n\t\t\t\t<div class=\"elementor-element elementor-element-2c26f770 elementor-widget elementor-widget-heading\" data-id=\"2c26f770\" data-element_type=\"widget\" data-e-type=\"widget\" data-widget_type=\"heading.default\">\n\t\t\t\t\t<h2 class=\"elementor-heading-title elementor-size-default\">\u00bfD\u00f3nde encontrarnos?<\/h2>\t\t\t\t<\/div>\n\t\t\t\t<div class=\"elementor-element elementor-element-10493317 elementor-widget elementor-widget-text-editor\" data-id=\"10493317\" data-element_type=\"widget\" data-e-type=\"widget\" data-widget_type=\"text-editor.default\">\n\t\t\t\t\t\t\t\t\t<p>Nos ubicamos en la calle&nbsp;calle I\u00f1igo Arista, n\u00ba14 bajo Iturrama, 31007 Pamplona, Navarra.<\/p>\t\t\t\t\t\t\t\t<\/div>\n\t\t\t\t<div class=\"elementor-element elementor-element-8e8a10e elementor-mobile-align-center animated-fast elementor-align-center elementor-invisible elementor-widget elementor-widget-button\" data-id=\"8e8a10e\" data-element_type=\"widget\" data-e-type=\"widget\" data-settings=\"{&quot;_animation&quot;:&quot;fadeIn&quot;,&quot;_animation_delay&quot;:400}\" data-widget_type=\"button.default\">\n\t\t\t\t\t\t\t\t\t\t<a class=\"elementor-button elementor-button-link elementor-size-sm\" href=\"https:\/\/peluqueriasebastian.com\/index.php\/contacto\/\">\n\t\t\t\t\t\t<span class=\"elementor-button-content-wrapper\">\n\t\t\t\t\t\t\t\t\t<span class=\"elementor-button-text\">CONTACTO<\/span>\n\t\t\t\t\t<\/span>\n\t\t\t\t\t<\/a>\n\t\t\t\t\t\t\t\t<\/div>\n\t\t\t\t<\/div>\n\t\t\t\t<\/div>\n\t\t","protected":false},"excerpt":{"rendered":"<p>Sobre nosotros Descubre m\u00e1s sobre nuestra peluquer\u00eda Quienes somos La peluquer\u00eda Sebasti\u00e1n combina tradici\u00f3n y evoluci\u00f3n, con un enfoque de atenci\u00f3n personalizada y especializaci\u00f3n en servicios como novias, extensiones y coloraci\u00f3n, cuidando cada detalle para ofrecer resultados naturales, elegantes y duraderos. Qu\u00e9 nos caracteriza El principal diferencial de Peluquer\u00eda Sebasti\u00e1n es la combinaci\u00f3n de trato [&hellip;]<\/p>\n","protected":false},"author":1,"featured_media":0,"parent":0,"menu_order":0,"comment_status":"closed","ping_status":"closed","template":"elementor_header_footer","meta":{"footnotes":""},"class_list":["post-63","page","type-page","status-publish","hentry"],"_links":{"self":[{"href":"https:\/\/peluqueriasebastian.com\/index.php\/wp-json\/wp\/v2\/pages\/63","targetHints":{"allow":["GET"]}}],"collection":[{"href":"https:\/\/peluqueriasebastian.com\/index.php\/wp-json\/wp\/v2\/pages"}],"about":[{"href":"https:\/\/peluqueriasebastian.com\/index.php\/wp-json\/wp\/v2\/types\/page"}],"author":[{"embeddable":true,"href":"https:\/\/peluqueriasebastian.com\/index.php\/wp-json\/wp\/v2\/users\/1"}],"replies":[{"embeddable":true,"href":"https:\/\/peluqueriasebastian.com\/index.php\/wp-json\/wp\/v2\/comments?post=63"}],"version-history":[{"count":88,"href":"https:\/\/peluqueriasebastian.com\/index.php\/wp-json\/wp\/v2\/pages\/63\/revisions"}],"predecessor-version":[{"id":799,"href":"https:\/\/peluqueriasebastian.com\/index.php\/wp-json\/wp\/v2\/pages\/63\/revisions\/799"}],"wp:attachment":[{"href":"https:\/\/peluqueriasebastian.com\/index.php\/wp-json\/wp\/v2\/media?parent=63"}],"curies":[{"name":"wp","href":"https:\/\/api.w.org\/{rel}","templated":true}]}}