{"id":410,"date":"2026-03-16T13:39:04","date_gmt":"2026-03-16T13:39:04","guid":{"rendered":"https:\/\/peluqueriasebastian.com\/?page_id=410"},"modified":"2026-03-17T15:25:56","modified_gmt":"2026-03-17T14:25:56","slug":"cuidado-capilar","status":"publish","type":"page","link":"https:\/\/peluqueriasebastian.com\/index.php\/cuidado-capilar\/","title":{"rendered":"Cuidado capilar"},"content":{"rendered":"\t\t<div data-elementor-type=\"wp-page\" data-elementor-id=\"410\" class=\"elementor elementor-410\" data-elementor-post-type=\"page\">\n\t\t\t\t<div class=\"elementor-element elementor-element-76067ba e-con-full e-flex e-con e-parent\" data-id=\"76067ba\" data-element_type=\"container\" data-e-type=\"container\" data-settings=\"{&quot;background_background&quot;:&quot;classic&quot;}\">\n\t\t<div class=\"elementor-element elementor-element-075e8bd e-con-full e-flex e-con e-child\" data-id=\"075e8bd\" data-element_type=\"container\" data-e-type=\"container\">\n\t\t<div class=\"elementor-element elementor-element-5b6fd64 e-con-full e-flex e-con e-child\" data-id=\"5b6fd64\" data-element_type=\"container\" data-e-type=\"container\">\n\t\t\t\t<div class=\"elementor-element elementor-element-d59a62f elementor-widget elementor-widget-heading\" data-id=\"d59a62f\" data-element_type=\"widget\" data-e-type=\"widget\" data-widget_type=\"heading.default\">\n\t\t\t\t\t<h1 class=\"elementor-heading-title elementor-size-default\">Cuidado capilar y asesoramiento<\/h1>\t\t\t\t<\/div>\n\t\t\t\t<div class=\"elementor-element elementor-element-5d4f97c elementor-widget elementor-widget-text-editor\" data-id=\"5d4f97c\" data-element_type=\"widget\" data-e-type=\"widget\" data-widget_type=\"text-editor.default\">\n\t\t\t\t\t\t\t\t\t<p>Tratamientos y recomendaciones orientadas a mejorar el aspecto, la\u00a0<span style=\"letter-spacing: 0px; word-spacing: 0em;\">manejabilidad y la salud cosm\u00e9tica del cabello<\/span><\/p>\t\t\t\t\t\t\t\t<\/div>\n\t\t\t\t<\/div>\n\t\t\t\t<div class=\"elementor-element elementor-element-5e8369d elementor-widget elementor-widget-image\" data-id=\"5e8369d\" data-element_type=\"widget\" data-e-type=\"widget\" data-widget_type=\"image.default\">\n\t\t\t\t\t\t\t\t\t\t\t\t\t\t\t<img fetchpriority=\"high\" decoding=\"async\" width=\"1199\" height=\"800\" src=\"https:\/\/peluqueriasebastian.com\/wp-content\/uploads\/2026\/03\/Tecnicas-de-Lavado-Capilar-Profesional-Pasos-y-Consejos.jpg\" class=\"attachment-full size-full wp-image-170\" alt=\"\" srcset=\"https:\/\/peluqueriasebastian.com\/wp-content\/uploads\/2026\/03\/Tecnicas-de-Lavado-Capilar-Profesional-Pasos-y-Consejos.jpg 1199w, https:\/\/peluqueriasebastian.com\/wp-content\/uploads\/2026\/03\/Tecnicas-de-Lavado-Capilar-Profesional-Pasos-y-Consejos-300x200.jpg 300w, https:\/\/peluqueriasebastian.com\/wp-content\/uploads\/2026\/03\/Tecnicas-de-Lavado-Capilar-Profesional-Pasos-y-Consejos-1024x683.jpg 1024w, https:\/\/peluqueriasebastian.com\/wp-content\/uploads\/2026\/03\/Tecnicas-de-Lavado-Capilar-Profesional-Pasos-y-Consejos-768x512.jpg 768w\" sizes=\"(max-width: 1199px) 100vw, 1199px\" \/>\t\t\t\t\t\t\t\t\t\t\t\t\t\t\t<\/div>\n\t\t\t\t<\/div>\n\t\t<div class=\"elementor-element elementor-element-863a3c7 e-con-full e-flex e-con e-child\" data-id=\"863a3c7\" data-element_type=\"container\" data-e-type=\"container\">\n\t\t<div class=\"elementor-element elementor-element-f708639 e-con-full e-flex e-con e-child\" data-id=\"f708639\" data-element_type=\"container\" data-e-type=\"container\">\n\t\t\t\t<div class=\"elementor-element elementor-element-ffc638e elementor-widget elementor-widget-text-editor\" data-id=\"ffc638e\" data-element_type=\"widget\" data-e-type=\"widget\" data-widget_type=\"text-editor.default\">\n\t\t\t\t\t\t\t\t\t<p>En nuestra peluquer\u00eda ofrecemos servicios de cuidado capilar y asesoramiento personalizado para mejorar el aspecto y la manejabilidad del cabello. Realizamos un diagn\u00f3stico previo para entender las necesidades de cada clienta y recomendar los tratamientos m\u00e1s adecuados. Nuestro objetivo es mantener el cabello sano, bonito y f\u00e1cil de peinar.<\/p>\t\t\t\t\t\t\t\t<\/div>\n\t\t\t\t<\/div>\n\t\t\t\t<div class=\"elementor-element elementor-element-c65d8a8 elementor-widget elementor-widget-image\" data-id=\"c65d8a8\" data-element_type=\"widget\" data-e-type=\"widget\" data-widget_type=\"image.default\">\n\t\t\t\t\t\t\t\t\t\t\t\t\t\t\t<img decoding=\"async\" width=\"800\" height=\"452\" src=\"https:\/\/peluqueriasebastian.com\/wp-content\/uploads\/2026\/03\/min15496.jpg\" class=\"attachment-full size-full wp-image-943\" alt=\"\" srcset=\"https:\/\/peluqueriasebastian.com\/wp-content\/uploads\/2026\/03\/min15496.jpg 800w, https:\/\/peluqueriasebastian.com\/wp-content\/uploads\/2026\/03\/min15496-300x170.jpg 300w, https:\/\/peluqueriasebastian.com\/wp-content\/uploads\/2026\/03\/min15496-768x434.jpg 768w\" sizes=\"(max-width: 800px) 100vw, 800px\" \/>\t\t\t\t\t\t\t\t\t\t\t\t\t\t\t<\/div>\n\t\t\t\t<\/div>\n\t\t\t\t<\/div>\n\t\t<div class=\"elementor-element elementor-element-adb1ca9 e-con-full e-flex e-con e-parent\" data-id=\"adb1ca9\" data-element_type=\"container\" data-e-type=\"container\" data-settings=\"{&quot;background_background&quot;:&quot;classic&quot;}\">\n\t\t<div class=\"elementor-element elementor-element-5fabd0c e-con-full e-flex e-con e-child\" data-id=\"5fabd0c\" data-element_type=\"container\" data-e-type=\"container\">\n\t\t<div class=\"elementor-element elementor-element-a63ee61 e-con-full e-flex e-con e-child\" data-id=\"a63ee61\" data-element_type=\"container\" data-e-type=\"container\">\n\t\t\t\t<div class=\"elementor-element elementor-element-25980fa elementor-widget elementor-widget-text-editor\" data-id=\"25980fa\" data-element_type=\"widget\" data-e-type=\"widget\" data-widget_type=\"text-editor.default\">\n\t\t\t\t\t\t\t\t\t<p>El cuidado capilar es fundamental para mantener un cabello saludable y con buen aspecto. En nuestro sal\u00f3n analizamos el estado del cabello y del cuero cabelludo para ofrecer tratamientos adaptados a cada caso. Adem\u00e1s, brindamos asesoramiento profesional para ayudar a mantener los resultados en casa.<\/p>\t\t\t\t\t\t\t\t<\/div>\n\t\t\t\t<\/div>\n\t\t\t\t<div class=\"elementor-element elementor-element-cd792a3 elementor-widget elementor-widget-image\" data-id=\"cd792a3\" data-element_type=\"widget\" data-e-type=\"widget\" data-widget_type=\"image.default\">\n\t\t\t\t\t\t\t\t\t\t\t\t\t\t\t<img decoding=\"async\" width=\"700\" height=\"466\" src=\"https:\/\/peluqueriasebastian.com\/wp-content\/uploads\/2026\/03\/pelo-liso.jpg\" class=\"attachment-full size-full wp-image-944\" alt=\"\" srcset=\"https:\/\/peluqueriasebastian.com\/wp-content\/uploads\/2026\/03\/pelo-liso.jpg 700w, https:\/\/peluqueriasebastian.com\/wp-content\/uploads\/2026\/03\/pelo-liso-300x200.jpg 300w\" sizes=\"(max-width: 700px) 100vw, 700px\" \/>\t\t\t\t\t\t\t\t\t\t\t\t\t\t\t<\/div>\n\t\t\t\t<\/div>\n\t\t<div class=\"elementor-element elementor-element-eeffa66 e-con-full e-flex e-con e-child\" data-id=\"eeffa66\" data-element_type=\"container\" data-e-type=\"container\">\n\t\t<div class=\"elementor-element elementor-element-2f43502 e-con-full e-flex e-con e-child\" data-id=\"2f43502\" data-element_type=\"container\" data-e-type=\"container\">\n\t\t\t\t<div class=\"elementor-element elementor-element-ea755f6 elementor-widget elementor-widget-text-editor\" data-id=\"ea755f6\" data-element_type=\"widget\" data-e-type=\"widget\" data-widget_type=\"text-editor.default\">\n\t\t\t\t\t\t\t\t\t<p>Nuestro servicio de cuidado capilar y asesoramiento est\u00e1 orientado a mejorar la salud cosm\u00e9tica del cabello. Tras un diagn\u00f3stico personalizado, proponemos tratamientos y rutinas de cuidado adaptadas a las necesidades reales de cada clienta. As\u00ed logramos un cabello m\u00e1s cuidado, manejable y con mejor apariencia.<\/p>\t\t\t\t\t\t\t\t<\/div>\n\t\t\t\t<\/div>\n\t\t\t\t<div class=\"elementor-element elementor-element-038c448 elementor-widget elementor-widget-image\" data-id=\"038c448\" data-element_type=\"widget\" data-e-type=\"widget\" data-widget_type=\"image.default\">\n\t\t\t\t\t\t\t\t\t\t\t\t\t\t\t<img loading=\"lazy\" decoding=\"async\" width=\"2000\" height=\"1335\" src=\"https:\/\/peluqueriasebastian.com\/wp-content\/uploads\/2026\/03\/combing-hair-in-the-bathroom.jpg\" class=\"attachment-full size-full wp-image-945\" alt=\"\" srcset=\"https:\/\/peluqueriasebastian.com\/wp-content\/uploads\/2026\/03\/combing-hair-in-the-bathroom.jpg 2000w, https:\/\/peluqueriasebastian.com\/wp-content\/uploads\/2026\/03\/combing-hair-in-the-bathroom-300x200.jpg 300w, https:\/\/peluqueriasebastian.com\/wp-content\/uploads\/2026\/03\/combing-hair-in-the-bathroom-1024x684.jpg 1024w, https:\/\/peluqueriasebastian.com\/wp-content\/uploads\/2026\/03\/combing-hair-in-the-bathroom-768x513.jpg 768w, https:\/\/peluqueriasebastian.com\/wp-content\/uploads\/2026\/03\/combing-hair-in-the-bathroom-1536x1025.jpg 1536w\" sizes=\"(max-width: 2000px) 100vw, 2000px\" \/>\t\t\t\t\t\t\t\t\t\t\t\t\t\t\t<\/div>\n\t\t\t\t<\/div>\n\t\t\t\t<\/div>\n\t\t\t\t<\/div>\n\t\t","protected":false},"excerpt":{"rendered":"<p>Cuidado capilar y asesoramiento Tratamientos y recomendaciones orientadas a mejorar el aspecto, la\u00a0manejabilidad y la salud cosm\u00e9tica del cabello En nuestra peluquer\u00eda ofrecemos servicios de cuidado capilar y asesoramiento personalizado para mejorar el aspecto y la manejabilidad del cabello. Realizamos un diagn\u00f3stico previo para entender las necesidades de cada clienta y recomendar los tratamientos m\u00e1s [&hellip;]<\/p>\n","protected":false},"author":1,"featured_media":0,"parent":0,"menu_order":0,"comment_status":"closed","ping_status":"closed","template":"elementor_header_footer","meta":{"footnotes":""},"class_list":["post-410","page","type-page","status-publish","hentry"],"_links":{"self":[{"href":"https:\/\/peluqueriasebastian.com\/index.php\/wp-json\/wp\/v2\/pages\/410","targetHints":{"allow":["GET"]}}],"collection":[{"href":"https:\/\/peluqueriasebastian.com\/index.php\/wp-json\/wp\/v2\/pages"}],"about":[{"href":"https:\/\/peluqueriasebastian.com\/index.php\/wp-json\/wp\/v2\/types\/page"}],"author":[{"embeddable":true,"href":"https:\/\/peluqueriasebastian.com\/index.php\/wp-json\/wp\/v2\/users\/1"}],"replies":[{"embeddable":true,"href":"https:\/\/peluqueriasebastian.com\/index.php\/wp-json\/wp\/v2\/comments?post=410"}],"version-history":[{"count":34,"href":"https:\/\/peluqueriasebastian.com\/index.php\/wp-json\/wp\/v2\/pages\/410\/revisions"}],"predecessor-version":[{"id":948,"href":"https:\/\/peluqueriasebastian.com\/index.php\/wp-json\/wp\/v2\/pages\/410\/revisions\/948"}],"wp:attachment":[{"href":"https:\/\/peluqueriasebastian.com\/index.php\/wp-json\/wp\/v2\/media?parent=410"}],"curies":[{"name":"wp","href":"https:\/\/api.w.org\/{rel}","templated":true}]}}