{"id":392,"date":"2026-03-16T13:33:42","date_gmt":"2026-03-16T13:33:42","guid":{"rendered":"https:\/\/peluqueriasebastian.com\/?page_id=392"},"modified":"2026-03-17T15:36:42","modified_gmt":"2026-03-17T14:36:42","slug":"corte-y-peinado","status":"publish","type":"page","link":"https:\/\/peluqueriasebastian.com\/index.php\/corte-y-peinado\/","title":{"rendered":"Corte y peinado"},"content":{"rendered":"\t\t<div data-elementor-type=\"wp-page\" data-elementor-id=\"392\" class=\"elementor elementor-392\" data-elementor-post-type=\"page\">\n\t\t\t\t<div class=\"elementor-element elementor-element-5ec3dbe e-con-full e-flex e-con e-parent\" data-id=\"5ec3dbe\" data-element_type=\"container\" data-e-type=\"container\" data-settings=\"{&quot;background_background&quot;:&quot;classic&quot;}\">\n\t\t<div class=\"elementor-element elementor-element-be15f2e e-con-full e-flex e-con e-child\" data-id=\"be15f2e\" data-element_type=\"container\" data-e-type=\"container\">\n\t\t<div class=\"elementor-element elementor-element-3ce5194 e-con-full e-flex e-con e-child\" data-id=\"3ce5194\" data-element_type=\"container\" data-e-type=\"container\">\n\t\t\t\t<div class=\"elementor-element elementor-element-185926d elementor-widget elementor-widget-heading\" data-id=\"185926d\" data-element_type=\"widget\" data-e-type=\"widget\" data-widget_type=\"heading.default\">\n\t\t\t\t\t<h1 class=\"elementor-heading-title elementor-size-default\">Corte y peinado<\/h1>\t\t\t\t<\/div>\n\t\t\t\t<div class=\"elementor-element elementor-element-fd3ac15 elementor-widget elementor-widget-text-editor\" data-id=\"fd3ac15\" data-element_type=\"widget\" data-e-type=\"widget\" data-widget_type=\"text-editor.default\">\n\t\t\t\t\t\t\t\t\t<p>Servicios de mantenimiento y estilo adaptados a la forma del rostro, al tipo de cabello y a\u00a0<span style=\"letter-spacing: 0px; word-spacing: 0em;\">la rutina de la clienta, buscando un resultado pr\u00e1ctico y favorecedor.<\/span><\/p>\t\t\t\t\t\t\t\t<\/div>\n\t\t\t\t<\/div>\n\t\t\t\t<div class=\"elementor-element elementor-element-918850a elementor-widget elementor-widget-image\" data-id=\"918850a\" data-element_type=\"widget\" data-e-type=\"widget\" data-widget_type=\"image.default\">\n\t\t\t\t\t\t\t\t\t\t\t\t\t\t\t<img fetchpriority=\"high\" decoding=\"async\" width=\"1080\" height=\"1277\" src=\"https:\/\/peluqueriasebastian.com\/wp-content\/uploads\/2026\/03\/MARBLING.jpg\" class=\"attachment-full size-full wp-image-161\" alt=\"\" srcset=\"https:\/\/peluqueriasebastian.com\/wp-content\/uploads\/2026\/03\/MARBLING.jpg 1080w, https:\/\/peluqueriasebastian.com\/wp-content\/uploads\/2026\/03\/MARBLING-254x300.jpg 254w, https:\/\/peluqueriasebastian.com\/wp-content\/uploads\/2026\/03\/MARBLING-866x1024.jpg 866w, https:\/\/peluqueriasebastian.com\/wp-content\/uploads\/2026\/03\/MARBLING-768x908.jpg 768w\" sizes=\"(max-width: 1080px) 100vw, 1080px\" \/>\t\t\t\t\t\t\t\t\t\t\t\t\t\t\t<\/div>\n\t\t\t\t<\/div>\n\t\t<div class=\"elementor-element elementor-element-813bc21 e-con-full e-flex e-con e-child\" data-id=\"813bc21\" data-element_type=\"container\" data-e-type=\"container\">\n\t\t<div class=\"elementor-element elementor-element-69095cf e-con-full e-flex e-con e-child\" data-id=\"69095cf\" data-element_type=\"container\" data-e-type=\"container\">\n\t\t\t\t<div class=\"elementor-element elementor-element-5781b8e elementor-widget elementor-widget-text-editor\" data-id=\"5781b8e\" data-element_type=\"widget\" data-e-type=\"widget\" data-widget_type=\"text-editor.default\">\n\t\t\t\t\t\t\t\t\t<p>En nuestra peluquer\u00eda ofrecemos servicios de corte y peinado adaptados a cada clienta. Analizamos la forma del rostro, el tipo de cabello y el estilo personal para crear un resultado favorecedor y equilibrado. Buscamos siempre un look que sea bonito, pr\u00e1ctico y f\u00e1cil de mantener en el d\u00eda a d\u00eda.<\/p>\t\t\t\t\t\t\t\t<\/div>\n\t\t\t\t<\/div>\n\t\t\t\t<div class=\"elementor-element elementor-element-0b037c4 elementor-widget elementor-widget-image\" data-id=\"0b037c4\" data-element_type=\"widget\" data-e-type=\"widget\" data-widget_type=\"image.default\">\n\t\t\t\t\t\t\t\t\t\t\t\t\t\t\t<img decoding=\"async\" width=\"1440\" height=\"1800\" src=\"https:\/\/peluqueriasebastian.com\/wp-content\/uploads\/2026\/03\/485088677_9643837805668729_3150782645001545701_n.jpg\" class=\"attachment-full size-full wp-image-661\" alt=\"\" srcset=\"https:\/\/peluqueriasebastian.com\/wp-content\/uploads\/2026\/03\/485088677_9643837805668729_3150782645001545701_n.jpg 1440w, https:\/\/peluqueriasebastian.com\/wp-content\/uploads\/2026\/03\/485088677_9643837805668729_3150782645001545701_n-240x300.jpg 240w, https:\/\/peluqueriasebastian.com\/wp-content\/uploads\/2026\/03\/485088677_9643837805668729_3150782645001545701_n-819x1024.jpg 819w, https:\/\/peluqueriasebastian.com\/wp-content\/uploads\/2026\/03\/485088677_9643837805668729_3150782645001545701_n-768x960.jpg 768w, https:\/\/peluqueriasebastian.com\/wp-content\/uploads\/2026\/03\/485088677_9643837805668729_3150782645001545701_n-1229x1536.jpg 1229w\" sizes=\"(max-width: 1440px) 100vw, 1440px\" \/>\t\t\t\t\t\t\t\t\t\t\t\t\t\t\t<\/div>\n\t\t\t\t<\/div>\n\t\t\t\t<\/div>\n\t\t<div class=\"elementor-element elementor-element-c8d604c e-con-full e-flex e-con e-parent\" data-id=\"c8d604c\" data-element_type=\"container\" data-e-type=\"container\" data-settings=\"{&quot;background_background&quot;:&quot;classic&quot;}\">\n\t\t<div class=\"elementor-element elementor-element-85122a2 e-con-full e-flex e-con e-child\" data-id=\"85122a2\" data-element_type=\"container\" data-e-type=\"container\">\n\t\t<div class=\"elementor-element elementor-element-13d4bb6 e-con-full e-flex e-con e-child\" data-id=\"13d4bb6\" data-element_type=\"container\" data-e-type=\"container\">\n\t\t\t\t<div class=\"elementor-element elementor-element-498f16a elementor-widget elementor-widget-text-editor\" data-id=\"498f16a\" data-element_type=\"widget\" data-e-type=\"widget\" data-widget_type=\"text-editor.default\">\n\t\t\t\t\t\t\t\t\t<p>El corte y peinado son la base de un cabello cuidado y con estilo. En nuestro sal\u00f3n trabajamos de forma personalizada para adaptar cada corte a las facciones, la textura del cabello y la rutina de la clienta. El objetivo es lograr un resultado natural, c\u00f3modo y que resalte la belleza de cada persona.<\/p>\t\t\t\t\t\t\t\t<\/div>\n\t\t\t\t<\/div>\n\t\t\t\t<div class=\"elementor-element elementor-element-b29a210 elementor-widget elementor-widget-image\" data-id=\"b29a210\" data-element_type=\"widget\" data-e-type=\"widget\" data-widget_type=\"image.default\">\n\t\t\t\t\t\t\t\t\t\t\t\t\t\t\t<img decoding=\"async\" width=\"1440\" height=\"1800\" src=\"https:\/\/peluqueriasebastian.com\/wp-content\/uploads\/2026\/03\/127656819_3603339779718592_8651084175425314737_n.jpg\" class=\"attachment-full size-full wp-image-662\" alt=\"\" srcset=\"https:\/\/peluqueriasebastian.com\/wp-content\/uploads\/2026\/03\/127656819_3603339779718592_8651084175425314737_n.jpg 1440w, https:\/\/peluqueriasebastian.com\/wp-content\/uploads\/2026\/03\/127656819_3603339779718592_8651084175425314737_n-240x300.jpg 240w, https:\/\/peluqueriasebastian.com\/wp-content\/uploads\/2026\/03\/127656819_3603339779718592_8651084175425314737_n-819x1024.jpg 819w, https:\/\/peluqueriasebastian.com\/wp-content\/uploads\/2026\/03\/127656819_3603339779718592_8651084175425314737_n-768x960.jpg 768w, https:\/\/peluqueriasebastian.com\/wp-content\/uploads\/2026\/03\/127656819_3603339779718592_8651084175425314737_n-1229x1536.jpg 1229w\" sizes=\"(max-width: 1440px) 100vw, 1440px\" \/>\t\t\t\t\t\t\t\t\t\t\t\t\t\t\t<\/div>\n\t\t\t\t<\/div>\n\t\t<div class=\"elementor-element elementor-element-25e4b77 e-con-full e-flex e-con e-child\" data-id=\"25e4b77\" data-element_type=\"container\" data-e-type=\"container\">\n\t\t<div class=\"elementor-element elementor-element-670e2bf e-con-full e-flex e-con e-child\" data-id=\"670e2bf\" data-element_type=\"container\" data-e-type=\"container\">\n\t\t\t\t<div class=\"elementor-element elementor-element-ec13796 elementor-widget elementor-widget-text-editor\" data-id=\"ec13796\" data-element_type=\"widget\" data-e-type=\"widget\" data-widget_type=\"text-editor.default\">\n\t\t\t\t\t\t\t\t\t<p>Nuestro servicio de corte y peinado est\u00e1 pensado para ofrecer estilo y comodidad al mismo tiempo. Estudiamos el tipo de cabello, la forma del rostro y el estilo de vida de cada clienta para crear un look que encaje con su d\u00eda a d\u00eda. As\u00ed conseguimos un resultado favorecedor, pr\u00e1ctico y f\u00e1cil de mantener.<\/p>\t\t\t\t\t\t\t\t<\/div>\n\t\t\t\t<\/div>\n\t\t\t\t<div class=\"elementor-element elementor-element-69cfc3c elementor-widget elementor-widget-image\" data-id=\"69cfc3c\" data-element_type=\"widget\" data-e-type=\"widget\" data-widget_type=\"image.default\">\n\t\t\t\t\t\t\t\t\t\t\t\t\t\t\t<img loading=\"lazy\" decoding=\"async\" width=\"1440\" height=\"1440\" src=\"https:\/\/peluqueriasebastian.com\/wp-content\/uploads\/2026\/03\/121178400_3473091779410060_3208571981538768293_n.jpg\" class=\"attachment-full size-full wp-image-619\" alt=\"\" srcset=\"https:\/\/peluqueriasebastian.com\/wp-content\/uploads\/2026\/03\/121178400_3473091779410060_3208571981538768293_n.jpg 1440w, https:\/\/peluqueriasebastian.com\/wp-content\/uploads\/2026\/03\/121178400_3473091779410060_3208571981538768293_n-300x300.jpg 300w, https:\/\/peluqueriasebastian.com\/wp-content\/uploads\/2026\/03\/121178400_3473091779410060_3208571981538768293_n-1024x1024.jpg 1024w, https:\/\/peluqueriasebastian.com\/wp-content\/uploads\/2026\/03\/121178400_3473091779410060_3208571981538768293_n-150x150.jpg 150w, https:\/\/peluqueriasebastian.com\/wp-content\/uploads\/2026\/03\/121178400_3473091779410060_3208571981538768293_n-768x768.jpg 768w\" sizes=\"(max-width: 1440px) 100vw, 1440px\" \/>\t\t\t\t\t\t\t\t\t\t\t\t\t\t\t<\/div>\n\t\t\t\t<\/div>\n\t\t\t\t<\/div>\n\t\t\t\t<\/div>\n\t\t","protected":false},"excerpt":{"rendered":"<p>Corte y peinado Servicios de mantenimiento y estilo adaptados a la forma del rostro, al tipo de cabello y a\u00a0la rutina de la clienta, buscando un resultado pr\u00e1ctico y favorecedor. En nuestra peluquer\u00eda ofrecemos servicios de corte y peinado adaptados a cada clienta. Analizamos la forma del rostro, el tipo de cabello y el estilo [&hellip;]<\/p>\n","protected":false},"author":1,"featured_media":0,"parent":0,"menu_order":0,"comment_status":"closed","ping_status":"closed","template":"elementor_header_footer","meta":{"footnotes":""},"class_list":["post-392","page","type-page","status-publish","hentry"],"_links":{"self":[{"href":"https:\/\/peluqueriasebastian.com\/index.php\/wp-json\/wp\/v2\/pages\/392","targetHints":{"allow":["GET"]}}],"collection":[{"href":"https:\/\/peluqueriasebastian.com\/index.php\/wp-json\/wp\/v2\/pages"}],"about":[{"href":"https:\/\/peluqueriasebastian.com\/index.php\/wp-json\/wp\/v2\/types\/page"}],"author":[{"embeddable":true,"href":"https:\/\/peluqueriasebastian.com\/index.php\/wp-json\/wp\/v2\/users\/1"}],"replies":[{"embeddable":true,"href":"https:\/\/peluqueriasebastian.com\/index.php\/wp-json\/wp\/v2\/comments?post=392"}],"version-history":[{"count":37,"href":"https:\/\/peluqueriasebastian.com\/index.php\/wp-json\/wp\/v2\/pages\/392\/revisions"}],"predecessor-version":[{"id":960,"href":"https:\/\/peluqueriasebastian.com\/index.php\/wp-json\/wp\/v2\/pages\/392\/revisions\/960"}],"wp:attachment":[{"href":"https:\/\/peluqueriasebastian.com\/index.php\/wp-json\/wp\/v2\/media?parent=392"}],"curies":[{"name":"wp","href":"https:\/\/api.w.org\/{rel}","templated":true}]}}