{"id":374,"date":"2026-03-16T13:24:52","date_gmt":"2026-03-16T13:24:52","guid":{"rendered":"https:\/\/peluqueriasebastian.com\/index.php\/cookie-policy-eu\/"},"modified":"2026-03-17T13:54:31","modified_gmt":"2026-03-17T12:54:31","slug":"cookie-policy-eu","status":"publish","type":"page","link":"https:\/\/peluqueriasebastian.com\/index.php\/cookie-policy-eu\/","title":{"rendered":"Pol\u00edtica de Cookies"},"content":{"rendered":"\t\t<div data-elementor-type=\"wp-page\" data-elementor-id=\"374\" class=\"elementor elementor-374\" data-elementor-post-type=\"page\">\n\t\t\t\t<div class=\"elementor-element elementor-element-0280c0f e-con-full e-flex e-con e-parent\" data-id=\"0280c0f\" data-element_type=\"container\" data-e-type=\"container\">\n\t\t\t\t<div class=\"elementor-element elementor-element-0f0b0b5 elementor-widget elementor-widget-text-editor\" data-id=\"0f0b0b5\" data-element_type=\"widget\" data-e-type=\"widget\" data-widget_type=\"text-editor.default\">\n\t\t\t\t\t\t\t\t\t<div class=\"elementor-element elementor-element-b557da2 e-con-full e-flex e-con e-parent e-lazyloaded\" data-id=\"b557da2\" data-element_type=\"container\" data-e-type=\"container\"><div class=\"elementor-element elementor-element-f394646 elementor-widget elementor-widget-heading\" data-id=\"f394646\" data-element_type=\"widget\" data-e-type=\"widget\" data-widget_type=\"heading.default\"><h1 data-path-to-node=\"2\">Pol\u00edtica de Cookies<\/h1><p data-path-to-node=\"3\">Esta Pol\u00edtica de Cookies fue actualizada por \u00faltima vez el <b data-path-to-node=\"3\" data-index-in-node=\"59\">16 de marzo de 2026<\/b> y se aplica a los ciudadanos y residentes legales permanentes del Espacio Econ\u00f3mico Europeo y Suiza.<\/p><h3 data-path-to-node=\"4\">1. Introducci\u00f3n<\/h3><p data-path-to-node=\"5\">Nuestro sitio web, <code data-path-to-node=\"5\" data-index-in-node=\"19\">https:\/\/peluqueriasebastian.com<\/code> (<span class=\"citation-610 citation-611 citation-end-611\">en adelante: \u00abel sitio web\u00bb) utiliza cookies y otras tecnolog\u00edas relacionadas (para mayor comodidad, todas las tecnolog\u00edas se denominan \u00abcookies\u00bb). Las cookies tambi\u00e9n son colocadas por terceros que hemos contratado. En el siguiente documento le informamos sobre el uso de cookies en nuestro s<\/span><span class=\"citation-610 citation-end-610\">itio web.<\/span><\/p><div class=\"source-inline-chip-container ng-star-inserted\">\u00a0<\/div><h3 data-path-to-node=\"6\"><span class=\"citation-609 citation-end-609\">2. \u00bfQu\u00e9 son las cookies?<\/span><\/h3><p data-path-to-node=\"7\"><span class=\"citation-608 citation-end-608\">Una cookie es un peque\u00f1o archivo s<\/span>encillo que se env\u00eda junto con las p\u00e1ginas de este sitio web y que su navegador almacena en el disco duro de su ordenador o de otro dispositivo. La informaci\u00f3n almacenada en ellos puede ser devuelta a nuestros servidores o a los servidores de los terceros pertinentes durante una visita posterior.<\/p><div class=\"source-inline-chip-container ng-star-inserted\">\u00a0<\/div><h3 data-path-to-node=\"8\">3. \u00bfQu\u00e9 son los scripts?<\/h3><p data-path-to-node=\"9\"><span class=\"citation-607 citation-end-607\">Un script es un fragmento de c\u00f3digo de programa que se utiliza para que nuestro sitio web funcione correctamente y de forma interactiva. Este c\u00f3digo se ejecuta en nuestro servidor o en su dispositivo<\/span>.<\/p><div class=\"source-inline-chip-container ng-star-inserted\">\u00a0<\/div><h3 data-path-to-node=\"10\">4. \u00bfQu\u00e9 es una baliza web (web beacon)?<\/h3><p data-path-to-node=\"11\">Una baliza web (o una etiqueta de p\u00edxel) es un peque\u00f1o fragmento invisible de texto o imagen en un sitio web que se utiliza para controlar el tr\u00e1fico en un sitio web. Para ello, se almacenan varios datos sobre usted mediante estas balizas.<\/p><h3 data-path-to-node=\"12\">5. Cookies<\/h3><p data-path-to-node=\"13\"><b data-path-to-node=\"13\" data-index-in-node=\"0\">5.1 Cookies t\u00e9cnicas o funcionales<\/b> Algunas cookies garantizan que determinadas partes del sitio web funcionen correctamente y que sus preferencias de usuario sigan siendo conocidas. Al colocar cookies funcionales, facilitamos su visita a nuestro sitio web. De este modo, no necesita introducir repetidamente la misma informaci\u00f3n al visitar nuestro sitio web y, por ejemplo, los art\u00edculos permanecen en su cesta de la compra <span class=\"citation-606 citation-end-606\">hasta que haya pagado. Podemos colocar estas cookies sin su consentimiento.<\/span><\/p><div class=\"source-inline-chip-container ng-star-inserted\">\u00a0<\/div><p data-path-to-node=\"14\"><b data-path-to-node=\"14\" data-index-in-node=\"0\"><span class=\"citation-605 citation-end-605\">5.2 Cookies de estad\u00edsticas<\/span><\/b> <span class=\"citation-604 citation-end-604\">Utilizamos cookies de estad\u00edsticas para optimizar la experiencia del sitio web para nuestros usuarios. Con estas<\/span> cookies de estad\u00edsticas obtenemos informaci\u00f3n sobre el uso de nuestro sitio web. Pedimos su permiso para colocar cookies de estad\u00edsticas.<\/p><div class=\"source-inline-chip-container ng-star-inserted\">\u00a0<\/div><p data-path-to-node=\"15\"><b data-path-to-node=\"15\" data-index-in-node=\"0\">5.3 Cookies de marketing\/seguimiento<\/b> Las cookies de marketing\/seguimiento son cookies o cualquier otra forma de almacenamiento local, que se utilizan para crear perfiles de usuario para mostrar publicidad o para realizar el seguimiento del usuario en este sitio web o en varios sitios web con fines de marketing similares.<\/p><hr data-path-to-node=\"16\" \/><h3 data-path-to-node=\"17\">6. Cookies utilizadas<\/h3><ul data-path-to-node=\"18\"><li><p data-path-to-node=\"18,0,0\"><b data-path-to-node=\"18,0,0\" data-index-in-node=\"0\">Elementor (Estad\u00edsticas an\u00f3nimas):<\/b> Se utiliza para almacenar acciones realizadas en la web. No comparte datos con terceros.<\/p><\/li><li><p data-path-to-node=\"18,1,0\"><b data-path-to-node=\"18,1,0\" data-index-in-node=\"0\">WordPress (Funcionales):<\/b> Cookies de sesi\u00f3n y persistentes para detalles del navegador, preferencias de usuario y mantenimiento de la sesi\u00f3n si el usuario est\u00e1 identificado.<\/p><\/li><li><p data-path-to-node=\"18,2,0\"><b data-path-to-node=\"18,2,0\" data-index-in-node=\"0\">Google Maps (Marketing):<\/b> Utilizadas para mostrar la ubicaci\u00f3n de la peluquer\u00eda. Pueden leer la direcci\u00f3n IP del usuario.<\/p><\/li><li><p data-path-to-node=\"18,3,0\"><b data-path-to-node=\"18,3,0\" data-index-in-node=\"0\">Complianz:<\/b> Cookies t\u00e9cnicas propias del plugin para recordar si has aceptado o rechazado el banner de cookies.<\/p><\/li><\/ul><hr data-path-to-node=\"19\" \/><h3 data-path-to-node=\"20\">7. Consentimiento<\/h3><p data-path-to-node=\"21\">Cuando v<span class=\"citation-602 citation-603 citation-end-603\">isite nuestro sitio web por primera vez, le mostraremos una ventana emergente con una explicaci\u00f3n sobre las cookies. Tan pronto como haga clic en \u00abGuardar preferencias\u00bb, nos autoriza a utilizar las categor\u00edas de cookies y plug-ins que<\/span><span class=\"citation-602 citation-end-602\"> hay<\/span>a seleccionado, tal como se describe en esta Pol\u00edtica de Cookies. Puede desactivar el uso de cookies a trav\u00e9s de su navegador, pero tenga en cuenta que es posible que nuestro sitio web deje de funcionar correctamente.<\/p><div class=\"source-inline-chip-container ng-star-inserted\">\u00a0<\/div><p data-path-to-node=\"22\"><b data-path-to-node=\"22\" data-index-in-node=\"0\">7.1 Gestionar sus ajustes de consentimiento<\/b><\/p><ul data-path-to-node=\"23\"><li><p data-path-to-node=\"23,0,0\"><b data-path-to-node=\"23,0,0\" data-index-in-node=\"0\">Funcionales:<\/b> Siempre activas (necesarias para el uso de la web).<\/p><\/li><li><p data-path-to-node=\"23,1,0\"><b data-path-to-node=\"23,1,0\" data-index-in-node=\"0\">Estad\u00edsticas:<\/b> El almacenamiento t\u00e9cnico o el acceso que se utiliza exclusivamente con fines estad\u00edsticos.<\/p><\/li><li><p data-path-to-node=\"23,2,0\"><b data-path-to-node=\"23,2,0\" data-index-in-node=\"0\">Marketing:<\/b> Necesarias para crear perfiles de usuario y enviar publicidad o realizar seguimiento.<\/p><\/li><\/ul><hr data-path-to-node=\"24\" \/><h3 data-path-to-node=\"25\">8. Activaci\u00f3n\/desactivaci\u00f3n y eliminaci\u00f3n de cookies<\/h3><p data-path-to-node=\"26\">Puede utilizar su navegador de internet para eliminar las cookies de forma autom\u00e1tica o manual. Tambi\u00e9n puede especificar que no se coloquen determinadas cookies. Otra opci\u00f3n es cambiar la configuraci\u00f3n de su navegador para recibir un mensaje cada vez que se coloque una cookie. Para m\u00e1s informaci\u00f3n, consulte las instrucciones de la secci\u00f3n de \u00abAyuda\u00bb de su navegador.<\/p><h3 data-path-to-node=\"27\">9. Sus derechos con respecto a los datos personales<\/h3><p data-path-to-node=\"28\">Usted tiene los siguientes derechos con respecto a sus datos personales:<\/p><ul data-path-to-node=\"29\"><li><p data-path-to-node=\"29,0,0\">Derecho a saber por qu\u00e9 se necesitan sus datos, qu\u00e9 ocurrir\u00e1 con ellos y cu\u00e1nto tiempo se conservar\u00e1n.<\/p><\/li><li><p data-path-to-node=\"29,1,0\"><b data-path-to-node=\"29,1,0\" data-index-in-node=\"0\">Derecho de acceso:<\/b> Tiene derecho a acceder a sus datos personales que conocemos.<\/p><\/li><li><p data-path-to-node=\"29,2,0\"><b data-path-to-node=\"29,2,0\" data-index-in-node=\"0\">Derecho de rectificaci\u00f3n:<\/b> Tiene derecho a completar, corregir, borrar o bloquear sus datos personales cuando lo desee.<\/p><\/li><li><p data-path-to-node=\"29,3,0\">Si nos da su consentimiento, tiene derecho a revocarlo y a que se eliminen sus datos.<\/p><\/li><li><p data-path-to-node=\"29,4,0\"><b data-path-to-node=\"29,4,0\" data-index-in-node=\"0\">Derecho de oposici\u00f3n:<\/b> Puede oponerse al tratamiento de sus datos.<\/p><\/li><\/ul><p data-path-to-node=\"30\">Para ejercer estos derechos, por favor contacte con nosotros (ver detalles abajo). Si tiene una reclamaci\u00f3n, nos gustar\u00eda escucharla, pero tambi\u00e9n tiene derecho a presentar una reclamaci\u00f3n ante la autoridad de control (la Agencia Espa\u00f1ola de Protecci\u00f3n de Datos).<\/p><h3 data-path-to-node=\"31\">10. Datos de contacto<\/h3><p data-path-to-node=\"32\">Peluquer\u00eda Sebasti\u00e1n C. de I\u00f1igo Arista, 14, bajo, 31007 Pamplona, Navarra, Espa\u00f1a <b data-path-to-node=\"32\" data-index-in-node=\"83\">Sitio web:<\/b> <code data-path-to-node=\"32\" data-index-in-node=\"94\">https:\/\/peluqueriasebastian.com<\/code> <b data-path-to-node=\"32\" data-index-in-node=\"126\">Email:<\/b> <code data-path-to-node=\"32\" data-index-in-node=\"133\">info@peluqueriasebastian.com<\/code> <b data-path-to-node=\"32\" data-index-in-node=\"162\">Tel\u00e9fono:<\/b> 948 27 03 62<\/p><\/div><\/div>\t\t\t\t\t\t\t\t<\/div>\n\t\t\t\t<\/div>\n\t\t\t\t<\/div>\n\t\t","protected":false},"excerpt":{"rendered":"<p>Pol\u00edtica de Cookies Esta Pol\u00edtica de Cookies fue actualizada por \u00faltima vez el 16 de marzo de 2026 y se aplica a los ciudadanos y residentes legales permanentes del Espacio Econ\u00f3mico Europeo y Suiza. 1. Introducci\u00f3n Nuestro sitio web, https:\/\/peluqueriasebastian.com (en adelante: \u00abel sitio web\u00bb) utiliza cookies y otras tecnolog\u00edas relacionadas (para mayor comodidad, todas [&hellip;]<\/p>\n","protected":false},"author":1,"featured_media":0,"parent":0,"menu_order":0,"comment_status":"closed","ping_status":"closed","template":"","meta":{"footnotes":""},"class_list":["post-374","page","type-page","status-publish","hentry"],"_links":{"self":[{"href":"https:\/\/peluqueriasebastian.com\/index.php\/wp-json\/wp\/v2\/pages\/374","targetHints":{"allow":["GET"]}}],"collection":[{"href":"https:\/\/peluqueriasebastian.com\/index.php\/wp-json\/wp\/v2\/pages"}],"about":[{"href":"https:\/\/peluqueriasebastian.com\/index.php\/wp-json\/wp\/v2\/types\/page"}],"author":[{"embeddable":true,"href":"https:\/\/peluqueriasebastian.com\/index.php\/wp-json\/wp\/v2\/users\/1"}],"replies":[{"embeddable":true,"href":"https:\/\/peluqueriasebastian.com\/index.php\/wp-json\/wp\/v2\/comments?post=374"}],"version-history":[{"count":7,"href":"https:\/\/peluqueriasebastian.com\/index.php\/wp-json\/wp\/v2\/pages\/374\/revisions"}],"predecessor-version":[{"id":891,"href":"https:\/\/peluqueriasebastian.com\/index.php\/wp-json\/wp\/v2\/pages\/374\/revisions\/891"}],"wp:attachment":[{"href":"https:\/\/peluqueriasebastian.com\/index.php\/wp-json\/wp\/v2\/media?parent=374"}],"curies":[{"name":"wp","href":"https:\/\/api.w.org\/{rel}","templated":true}]}}