{"id":365,"date":"2026-03-16T13:22:48","date_gmt":"2026-03-16T13:22:48","guid":{"rendered":"https:\/\/peluqueriasebastian.com\/?page_id=365"},"modified":"2026-03-17T15:19:09","modified_gmt":"2026-03-17T14:19:09","slug":"coloracion-al-agua","status":"publish","type":"page","link":"https:\/\/peluqueriasebastian.com\/index.php\/coloracion-al-agua\/","title":{"rendered":"Coloraci\u00f3n al agua"},"content":{"rendered":"\t\t<div data-elementor-type=\"wp-page\" data-elementor-id=\"365\" class=\"elementor elementor-365\" data-elementor-post-type=\"page\">\n\t\t\t\t<div class=\"elementor-element elementor-element-7b72e52 e-con-full e-flex e-con e-parent\" data-id=\"7b72e52\" data-element_type=\"container\" data-e-type=\"container\" data-settings=\"{&quot;background_background&quot;:&quot;classic&quot;}\">\n\t\t<div class=\"elementor-element elementor-element-5bf9d90 e-con-full e-flex e-con e-child\" data-id=\"5bf9d90\" data-element_type=\"container\" data-e-type=\"container\">\n\t\t<div class=\"elementor-element elementor-element-1b916e2 e-con-full e-flex e-con e-child\" data-id=\"1b916e2\" data-element_type=\"container\" data-e-type=\"container\">\n\t\t\t\t<div class=\"elementor-element elementor-element-2f5508e elementor-widget elementor-widget-heading\" data-id=\"2f5508e\" data-element_type=\"widget\" data-e-type=\"widget\" data-widget_type=\"heading.default\">\n\t\t\t\t\t<h1 class=\"elementor-heading-title elementor-size-default\">BARROS<\/h1>\t\t\t\t<\/div>\n\t\t\t\t<div class=\"elementor-element elementor-element-f1edfe4 elementor-widget elementor-widget-text-editor\" data-id=\"f1edfe4\" data-element_type=\"widget\" data-e-type=\"widget\" data-widget_type=\"text-editor.default\">\n\t\t\t\t\t\t\t\t\t<p>Alternativa de coloraci\u00f3n mezclada con agua, especialmente interesante para\u00a0<span style=\"letter-spacing: 0px; word-spacing: 0em;\">personas que buscan una opci\u00f3n m\u00e1s respetuosa con el cabello y el cuero cabelludo.<\/span><\/p>\t\t\t\t\t\t\t\t<\/div>\n\t\t\t\t<\/div>\n\t\t\t\t<div class=\"elementor-element elementor-element-964de66 elementor-widget elementor-widget-image\" data-id=\"964de66\" data-element_type=\"widget\" data-e-type=\"widget\" data-widget_type=\"image.default\">\n\t\t\t\t\t\t\t\t\t\t\t\t\t\t\t<img fetchpriority=\"high\" decoding=\"async\" width=\"1024\" height=\"682\" src=\"https:\/\/peluqueriasebastian.com\/wp-content\/uploads\/2026\/03\/Tonalidades-de-los-barros-1024x682-1.jpg\" class=\"attachment-full size-full wp-image-929\" alt=\"\" srcset=\"https:\/\/peluqueriasebastian.com\/wp-content\/uploads\/2026\/03\/Tonalidades-de-los-barros-1024x682-1.jpg 1024w, https:\/\/peluqueriasebastian.com\/wp-content\/uploads\/2026\/03\/Tonalidades-de-los-barros-1024x682-1-300x200.jpg 300w, https:\/\/peluqueriasebastian.com\/wp-content\/uploads\/2026\/03\/Tonalidades-de-los-barros-1024x682-1-768x512.jpg 768w\" sizes=\"(max-width: 1024px) 100vw, 1024px\" \/>\t\t\t\t\t\t\t\t\t\t\t\t\t\t\t<\/div>\n\t\t\t\t<\/div>\n\t\t<div class=\"elementor-element elementor-element-595c7b6 e-con-full e-flex e-con e-child\" data-id=\"595c7b6\" data-element_type=\"container\" data-e-type=\"container\">\n\t\t<div class=\"elementor-element elementor-element-e63b490 e-con-full e-flex e-con e-child\" data-id=\"e63b490\" data-element_type=\"container\" data-e-type=\"container\">\n\t\t\t\t<div class=\"elementor-element elementor-element-2063321 elementor-widget elementor-widget-text-editor\" data-id=\"2063321\" data-element_type=\"widget\" data-e-type=\"widget\" data-widget_type=\"text-editor.default\">\n\t\t\t\t\t\t\t\t\t<p>En nuestra peluquer\u00eda ofrecemos el servicio de barros o coloraci\u00f3n al agua, una alternativa de coloraci\u00f3n que se mezcla con agua y resulta m\u00e1s respetuosa con el cabello y el cuero cabelludo. Es una opci\u00f3n ideal para quienes buscan un cambio de color m\u00e1s natural. Siempre realizamos una valoraci\u00f3n previa para asegurar que sea la opci\u00f3n adecuada para cada clienta.<\/p>\t\t\t\t\t\t\t\t<\/div>\n\t\t\t\t<\/div>\n\t\t\t\t<div class=\"elementor-element elementor-element-c7a35ad elementor-widget elementor-widget-image\" data-id=\"c7a35ad\" data-element_type=\"widget\" data-e-type=\"widget\" data-widget_type=\"image.default\">\n\t\t\t\t\t\t\t\t\t\t\t\t\t\t\t<img decoding=\"async\" width=\"652\" height=\"500\" src=\"https:\/\/peluqueriasebastian.com\/wp-content\/uploads\/2026\/03\/coloracion-natural-barros-p.jpg\" class=\"attachment-full size-full wp-image-930\" alt=\"\" srcset=\"https:\/\/peluqueriasebastian.com\/wp-content\/uploads\/2026\/03\/coloracion-natural-barros-p.jpg 652w, https:\/\/peluqueriasebastian.com\/wp-content\/uploads\/2026\/03\/coloracion-natural-barros-p-300x230.jpg 300w\" sizes=\"(max-width: 652px) 100vw, 652px\" \/>\t\t\t\t\t\t\t\t\t\t\t\t\t\t\t<\/div>\n\t\t\t\t<\/div>\n\t\t\t\t<\/div>\n\t\t<div class=\"elementor-element elementor-element-8099da4 e-con-full e-flex e-con e-parent\" data-id=\"8099da4\" data-element_type=\"container\" data-e-type=\"container\" data-settings=\"{&quot;background_background&quot;:&quot;classic&quot;}\">\n\t\t<div class=\"elementor-element elementor-element-e685334 e-con-full e-flex e-con e-child\" data-id=\"e685334\" data-element_type=\"container\" data-e-type=\"container\">\n\t\t<div class=\"elementor-element elementor-element-626c5ff e-con-full e-flex e-con e-child\" data-id=\"626c5ff\" data-element_type=\"container\" data-e-type=\"container\">\n\t\t\t\t<div class=\"elementor-element elementor-element-e36418c elementor-widget elementor-widget-text-editor\" data-id=\"e36418c\" data-element_type=\"widget\" data-e-type=\"widget\" data-widget_type=\"text-editor.default\">\n\t\t\t\t\t\t\t\t\t<p>La coloraci\u00f3n con barros es una opci\u00f3n suave y natural para te\u00f1ir el cabello. En nuestro sal\u00f3n trabajamos esta t\u00e9cnica mezclando el producto con agua para lograr un resultado delicado y respetuoso con el cabello. Tras una valoraci\u00f3n profesional, puede ser una alternativa adecuada incluso en situaciones especiales.<\/p>\t\t\t\t\t\t\t\t<\/div>\n\t\t\t\t<\/div>\n\t\t\t\t<div class=\"elementor-element elementor-element-1bfe87e elementor-widget elementor-widget-image\" data-id=\"1bfe87e\" data-element_type=\"widget\" data-e-type=\"widget\" data-widget_type=\"image.default\">\n\t\t\t\t\t\t\t\t\t\t\t\t\t\t\t<img decoding=\"async\" width=\"1000\" height=\"1000\" src=\"https:\/\/peluqueriasebastian.com\/wp-content\/uploads\/2026\/03\/barros-brillo-servicios-betty-peluqueria.jpg\" class=\"attachment-full size-full wp-image-931\" alt=\"\" srcset=\"https:\/\/peluqueriasebastian.com\/wp-content\/uploads\/2026\/03\/barros-brillo-servicios-betty-peluqueria.jpg 1000w, https:\/\/peluqueriasebastian.com\/wp-content\/uploads\/2026\/03\/barros-brillo-servicios-betty-peluqueria-300x300.jpg 300w, https:\/\/peluqueriasebastian.com\/wp-content\/uploads\/2026\/03\/barros-brillo-servicios-betty-peluqueria-150x150.jpg 150w, https:\/\/peluqueriasebastian.com\/wp-content\/uploads\/2026\/03\/barros-brillo-servicios-betty-peluqueria-768x768.jpg 768w\" sizes=\"(max-width: 1000px) 100vw, 1000px\" \/>\t\t\t\t\t\t\t\t\t\t\t\t\t\t\t<\/div>\n\t\t\t\t<\/div>\n\t\t<div class=\"elementor-element elementor-element-b80c790 e-con-full e-flex e-con e-child\" data-id=\"b80c790\" data-element_type=\"container\" data-e-type=\"container\">\n\t\t<div class=\"elementor-element elementor-element-53cfe36 e-con-full e-flex e-con e-child\" data-id=\"53cfe36\" data-element_type=\"container\" data-e-type=\"container\">\n\t\t\t\t<div class=\"elementor-element elementor-element-20ca350 elementor-widget elementor-widget-text-editor\" data-id=\"20ca350\" data-element_type=\"widget\" data-e-type=\"widget\" data-widget_type=\"text-editor.default\">\n\t\t\t\t\t\t\t\t\t<p>Nuestro servicio de barros o coloraci\u00f3n al agua est\u00e1 pensado para quienes desean una opci\u00f3n m\u00e1s cuidadosa con el cabello y el cuero cabelludo. Aplicamos la mezcla de forma personalizada para conseguir un resultado natural y armonioso. Siempre realizamos un asesoramiento previo para valorar cada caso y ofrecer la mejor opci\u00f3n.<\/p>\t\t\t\t\t\t\t\t<\/div>\n\t\t\t\t<\/div>\n\t\t\t\t<div class=\"elementor-element elementor-element-849f020 elementor-widget elementor-widget-image\" data-id=\"849f020\" data-element_type=\"widget\" data-e-type=\"widget\" data-widget_type=\"image.default\">\n\t\t\t\t\t\t\t\t\t\t\t\t\t\t\t<img loading=\"lazy\" decoding=\"async\" width=\"2560\" height=\"1709\" src=\"https:\/\/peluqueriasebastian.com\/wp-content\/uploads\/2026\/03\/barros-portada-saez-estilistes-scaled-1.jpg\" class=\"attachment-full size-full wp-image-932\" alt=\"\" srcset=\"https:\/\/peluqueriasebastian.com\/wp-content\/uploads\/2026\/03\/barros-portada-saez-estilistes-scaled-1.jpg 2560w, https:\/\/peluqueriasebastian.com\/wp-content\/uploads\/2026\/03\/barros-portada-saez-estilistes-scaled-1-300x200.jpg 300w, https:\/\/peluqueriasebastian.com\/wp-content\/uploads\/2026\/03\/barros-portada-saez-estilistes-scaled-1-1024x684.jpg 1024w, https:\/\/peluqueriasebastian.com\/wp-content\/uploads\/2026\/03\/barros-portada-saez-estilistes-scaled-1-768x513.jpg 768w, https:\/\/peluqueriasebastian.com\/wp-content\/uploads\/2026\/03\/barros-portada-saez-estilistes-scaled-1-1536x1025.jpg 1536w, https:\/\/peluqueriasebastian.com\/wp-content\/uploads\/2026\/03\/barros-portada-saez-estilistes-scaled-1-2048x1367.jpg 2048w\" sizes=\"(max-width: 2560px) 100vw, 2560px\" \/>\t\t\t\t\t\t\t\t\t\t\t\t\t\t\t<\/div>\n\t\t\t\t<\/div>\n\t\t\t\t<\/div>\n\t\t\t\t<\/div>\n\t\t","protected":false},"excerpt":{"rendered":"<p>BARROS Alternativa de coloraci\u00f3n mezclada con agua, especialmente interesante para\u00a0personas que buscan una opci\u00f3n m\u00e1s respetuosa con el cabello y el cuero cabelludo. En nuestra peluquer\u00eda ofrecemos el servicio de barros o coloraci\u00f3n al agua, una alternativa de coloraci\u00f3n que se mezcla con agua y resulta m\u00e1s respetuosa con el cabello y el cuero cabelludo. [&hellip;]<\/p>\n","protected":false},"author":1,"featured_media":0,"parent":0,"menu_order":0,"comment_status":"closed","ping_status":"closed","template":"elementor_header_footer","meta":{"footnotes":""},"class_list":["post-365","page","type-page","status-publish","hentry"],"_links":{"self":[{"href":"https:\/\/peluqueriasebastian.com\/index.php\/wp-json\/wp\/v2\/pages\/365","targetHints":{"allow":["GET"]}}],"collection":[{"href":"https:\/\/peluqueriasebastian.com\/index.php\/wp-json\/wp\/v2\/pages"}],"about":[{"href":"https:\/\/peluqueriasebastian.com\/index.php\/wp-json\/wp\/v2\/types\/page"}],"author":[{"embeddable":true,"href":"https:\/\/peluqueriasebastian.com\/index.php\/wp-json\/wp\/v2\/users\/1"}],"replies":[{"embeddable":true,"href":"https:\/\/peluqueriasebastian.com\/index.php\/wp-json\/wp\/v2\/comments?post=365"}],"version-history":[{"count":43,"href":"https:\/\/peluqueriasebastian.com\/index.php\/wp-json\/wp\/v2\/pages\/365\/revisions"}],"predecessor-version":[{"id":941,"href":"https:\/\/peluqueriasebastian.com\/index.php\/wp-json\/wp\/v2\/pages\/365\/revisions\/941"}],"wp:attachment":[{"href":"https:\/\/peluqueriasebastian.com\/index.php\/wp-json\/wp\/v2\/media?parent=365"}],"curies":[{"name":"wp","href":"https:\/\/api.w.org\/{rel}","templated":true}]}}