{"id":338,"date":"2026-03-16T13:18:02","date_gmt":"2026-03-16T13:18:02","guid":{"rendered":"https:\/\/peluqueriasebastian.com\/?page_id=338"},"modified":"2026-03-17T15:33:57","modified_gmt":"2026-03-17T14:33:57","slug":"balayage","status":"publish","type":"page","link":"https:\/\/peluqueriasebastian.com\/index.php\/balayage\/","title":{"rendered":"Balayage"},"content":{"rendered":"\t\t<div data-elementor-type=\"wp-page\" data-elementor-id=\"338\" class=\"elementor elementor-338\" data-elementor-post-type=\"page\">\n\t\t\t\t<div class=\"elementor-element elementor-element-0711d19 e-con-full e-flex e-con e-parent\" data-id=\"0711d19\" data-element_type=\"container\" data-e-type=\"container\" data-settings=\"{&quot;background_background&quot;:&quot;classic&quot;}\">\n\t\t<div class=\"elementor-element elementor-element-0765d7b e-con-full e-flex e-con e-child\" data-id=\"0765d7b\" data-element_type=\"container\" data-e-type=\"container\">\n\t\t<div class=\"elementor-element elementor-element-be91449 e-con-full e-flex e-con e-child\" data-id=\"be91449\" data-element_type=\"container\" data-e-type=\"container\">\n\t\t\t\t<div class=\"elementor-element elementor-element-29989e6 elementor-widget elementor-widget-heading\" data-id=\"29989e6\" data-element_type=\"widget\" data-e-type=\"widget\" data-widget_type=\"heading.default\">\n\t\t\t\t\t<h1 class=\"elementor-heading-title elementor-size-default\">Balayage<\/h1>\t\t\t\t<\/div>\n\t\t\t\t<div class=\"elementor-element elementor-element-2b3d0e7 elementor-widget elementor-widget-text-editor\" data-id=\"2b3d0e7\" data-element_type=\"widget\" data-e-type=\"widget\" data-widget_type=\"text-editor.default\">\n\t\t\t\t\t\t\t\t\t<p>Servicio de coloraci\u00f3n personalizada que busca aportar luz, dimensi\u00f3n y movimiento al cabello con un resultado m\u00e1s natural, suave y elegante.<\/p>\t\t\t\t\t\t\t\t<\/div>\n\t\t\t\t<\/div>\n\t\t\t\t<div class=\"elementor-element elementor-element-d9a9b09 elementor-widget elementor-widget-image\" data-id=\"d9a9b09\" data-element_type=\"widget\" data-e-type=\"widget\" data-widget_type=\"image.default\">\n\t\t\t\t\t\t\t\t\t\t\t\t\t\t\t<img fetchpriority=\"high\" decoding=\"async\" width=\"635\" height=\"583\" src=\"https:\/\/peluqueriasebastian.com\/wp-content\/uploads\/2026\/03\/Captura-de-pantalla-2026-03-17-134557.png\" class=\"attachment-full size-full wp-image-865\" alt=\"\" srcset=\"https:\/\/peluqueriasebastian.com\/wp-content\/uploads\/2026\/03\/Captura-de-pantalla-2026-03-17-134557.png 635w, https:\/\/peluqueriasebastian.com\/wp-content\/uploads\/2026\/03\/Captura-de-pantalla-2026-03-17-134557-300x275.png 300w\" sizes=\"(max-width: 635px) 100vw, 635px\" \/>\t\t\t\t\t\t\t\t\t\t\t\t\t\t\t<\/div>\n\t\t\t\t<\/div>\n\t\t<div class=\"elementor-element elementor-element-60d82b2 e-con-full e-flex e-con e-child\" data-id=\"60d82b2\" data-element_type=\"container\" data-e-type=\"container\">\n\t\t<div class=\"elementor-element elementor-element-94caebe e-con-full e-flex e-con e-child\" data-id=\"94caebe\" data-element_type=\"container\" data-e-type=\"container\">\n\t\t\t\t<div class=\"elementor-element elementor-element-a58a56c elementor-widget elementor-widget-text-editor\" data-id=\"a58a56c\" data-element_type=\"widget\" data-e-type=\"widget\" data-widget_type=\"text-editor.default\">\n\t\t\t\t\t\t\t\t\t<p>En nuestra peluquer\u00eda realizamos el servicio de balayage como una t\u00e9cnica de coloraci\u00f3n personalizada que aporta luz y dimensi\u00f3n al cabello. Trabajamos el color de forma estrat\u00e9gica para crear un degradado suave desde la ra\u00edz hasta las puntas. El resultado es un efecto natural, elegante y con movimiento.<\/p>\t\t\t\t\t\t\t\t<\/div>\n\t\t\t\t<\/div>\n\t\t\t\t<div class=\"elementor-element elementor-element-e9ee05b elementor-widget elementor-widget-image\" data-id=\"e9ee05b\" data-element_type=\"widget\" data-e-type=\"widget\" data-widget_type=\"image.default\">\n\t\t\t\t\t\t\t\t\t\t\t\t\t\t\t<img decoding=\"async\" width=\"1440\" height=\"1800\" src=\"https:\/\/peluqueriasebastian.com\/wp-content\/uploads\/2026\/03\/485707525_9656308261088350_3894251607712582056_n.jpg\" class=\"attachment-full size-full wp-image-620\" alt=\"\" srcset=\"https:\/\/peluqueriasebastian.com\/wp-content\/uploads\/2026\/03\/485707525_9656308261088350_3894251607712582056_n.jpg 1440w, https:\/\/peluqueriasebastian.com\/wp-content\/uploads\/2026\/03\/485707525_9656308261088350_3894251607712582056_n-240x300.jpg 240w, https:\/\/peluqueriasebastian.com\/wp-content\/uploads\/2026\/03\/485707525_9656308261088350_3894251607712582056_n-819x1024.jpg 819w, https:\/\/peluqueriasebastian.com\/wp-content\/uploads\/2026\/03\/485707525_9656308261088350_3894251607712582056_n-768x960.jpg 768w, https:\/\/peluqueriasebastian.com\/wp-content\/uploads\/2026\/03\/485707525_9656308261088350_3894251607712582056_n-1229x1536.jpg 1229w\" sizes=\"(max-width: 1440px) 100vw, 1440px\" \/>\t\t\t\t\t\t\t\t\t\t\t\t\t\t\t<\/div>\n\t\t\t\t<\/div>\n\t\t\t\t<\/div>\n\t\t<div class=\"elementor-element elementor-element-2414e49 e-con-full e-flex e-con e-parent\" data-id=\"2414e49\" data-element_type=\"container\" data-e-type=\"container\" data-settings=\"{&quot;background_background&quot;:&quot;classic&quot;}\">\n\t\t<div class=\"elementor-element elementor-element-9cccfbc e-con-full e-flex e-con e-child\" data-id=\"9cccfbc\" data-element_type=\"container\" data-e-type=\"container\">\n\t\t<div class=\"elementor-element elementor-element-00e564f e-con-full e-flex e-con e-child\" data-id=\"00e564f\" data-element_type=\"container\" data-e-type=\"container\">\n\t\t\t\t<div class=\"elementor-element elementor-element-ac43c4b elementor-widget elementor-widget-text-editor\" data-id=\"ac43c4b\" data-element_type=\"widget\" data-e-type=\"widget\" data-widget_type=\"text-editor.default\">\n\t\t\t\t\t\t\t\t\t<p>El balayage es una t\u00e9cnica ideal para quienes buscan iluminar el cabello sin perder naturalidad. En nuestro sal\u00f3n aplicamos el color de manera cuidadosa y adaptada a cada melena, logrando un degradado arm\u00f3nico y sutil. As\u00ed conseguimos un acabado luminoso, suave y elegante.<\/p>\t\t\t\t\t\t\t\t<\/div>\n\t\t\t\t<\/div>\n\t\t\t\t<div class=\"elementor-element elementor-element-19cd64e elementor-widget elementor-widget-image\" data-id=\"19cd64e\" data-element_type=\"widget\" data-e-type=\"widget\" data-widget_type=\"image.default\">\n\t\t\t\t\t\t\t\t\t\t\t\t\t\t\t<img decoding=\"async\" width=\"1440\" height=\"1440\" src=\"https:\/\/peluqueriasebastian.com\/wp-content\/uploads\/2026\/03\/486471545_9661593897226453_3399484620777246351_n.jpg\" class=\"attachment-full size-full wp-image-658\" alt=\"\" srcset=\"https:\/\/peluqueriasebastian.com\/wp-content\/uploads\/2026\/03\/486471545_9661593897226453_3399484620777246351_n.jpg 1440w, https:\/\/peluqueriasebastian.com\/wp-content\/uploads\/2026\/03\/486471545_9661593897226453_3399484620777246351_n-300x300.jpg 300w, https:\/\/peluqueriasebastian.com\/wp-content\/uploads\/2026\/03\/486471545_9661593897226453_3399484620777246351_n-1024x1024.jpg 1024w, https:\/\/peluqueriasebastian.com\/wp-content\/uploads\/2026\/03\/486471545_9661593897226453_3399484620777246351_n-150x150.jpg 150w, https:\/\/peluqueriasebastian.com\/wp-content\/uploads\/2026\/03\/486471545_9661593897226453_3399484620777246351_n-768x768.jpg 768w\" sizes=\"(max-width: 1440px) 100vw, 1440px\" \/>\t\t\t\t\t\t\t\t\t\t\t\t\t\t\t<\/div>\n\t\t\t\t<\/div>\n\t\t<div class=\"elementor-element elementor-element-af85ac7 e-con-full e-flex e-con e-child\" data-id=\"af85ac7\" data-element_type=\"container\" data-e-type=\"container\">\n\t\t<div class=\"elementor-element elementor-element-638585a e-con-full e-flex e-con e-child\" data-id=\"638585a\" data-element_type=\"container\" data-e-type=\"container\">\n\t\t\t\t<div class=\"elementor-element elementor-element-140b12c elementor-widget elementor-widget-text-editor\" data-id=\"140b12c\" data-element_type=\"widget\" data-e-type=\"widget\" data-widget_type=\"text-editor.default\">\n\t\t\t\t\t\t\t\t\t<p>Nuestro servicio de balayage est\u00e1 dise\u00f1ado para aportar luz, profundidad y movimiento al cabello. Analizamos el tono base y el estilo de cada clienta para aplicar el color de forma estrat\u00e9gica, creando un degradado natural desde la ra\u00edz hacia medios y puntas. El resultado es un look moderno, delicado y equilibrado.<\/p>\t\t\t\t\t\t\t\t<\/div>\n\t\t\t\t<\/div>\n\t\t\t\t<div class=\"elementor-element elementor-element-75971e8 elementor-widget elementor-widget-image\" data-id=\"75971e8\" data-element_type=\"widget\" data-e-type=\"widget\" data-widget_type=\"image.default\">\n\t\t\t\t\t\t\t\t\t\t\t\t\t\t\t<img loading=\"lazy\" decoding=\"async\" width=\"1440\" height=\"1800\" src=\"https:\/\/peluqueriasebastian.com\/wp-content\/uploads\/2026\/03\/486313216_9661593877226455_6729147721435542972_n.jpg\" class=\"attachment-full size-full wp-image-618\" alt=\"\" srcset=\"https:\/\/peluqueriasebastian.com\/wp-content\/uploads\/2026\/03\/486313216_9661593877226455_6729147721435542972_n.jpg 1440w, https:\/\/peluqueriasebastian.com\/wp-content\/uploads\/2026\/03\/486313216_9661593877226455_6729147721435542972_n-240x300.jpg 240w, https:\/\/peluqueriasebastian.com\/wp-content\/uploads\/2026\/03\/486313216_9661593877226455_6729147721435542972_n-819x1024.jpg 819w, https:\/\/peluqueriasebastian.com\/wp-content\/uploads\/2026\/03\/486313216_9661593877226455_6729147721435542972_n-768x960.jpg 768w, https:\/\/peluqueriasebastian.com\/wp-content\/uploads\/2026\/03\/486313216_9661593877226455_6729147721435542972_n-1229x1536.jpg 1229w\" sizes=\"(max-width: 1440px) 100vw, 1440px\" \/>\t\t\t\t\t\t\t\t\t\t\t\t\t\t\t<\/div>\n\t\t\t\t<\/div>\n\t\t\t\t<\/div>\n\t\t\t\t<\/div>\n\t\t","protected":false},"excerpt":{"rendered":"<p>Balayage Servicio de coloraci\u00f3n personalizada que busca aportar luz, dimensi\u00f3n y movimiento al cabello con un resultado m\u00e1s natural, suave y elegante. En nuestra peluquer\u00eda realizamos el servicio de balayage como una t\u00e9cnica de coloraci\u00f3n personalizada que aporta luz y dimensi\u00f3n al cabello. Trabajamos el color de forma estrat\u00e9gica para crear un degradado suave desde [&hellip;]<\/p>\n","protected":false},"author":1,"featured_media":0,"parent":0,"menu_order":0,"comment_status":"closed","ping_status":"closed","template":"elementor_header_footer","meta":{"footnotes":""},"class_list":["post-338","page","type-page","status-publish","hentry"],"_links":{"self":[{"href":"https:\/\/peluqueriasebastian.com\/index.php\/wp-json\/wp\/v2\/pages\/338","targetHints":{"allow":["GET"]}}],"collection":[{"href":"https:\/\/peluqueriasebastian.com\/index.php\/wp-json\/wp\/v2\/pages"}],"about":[{"href":"https:\/\/peluqueriasebastian.com\/index.php\/wp-json\/wp\/v2\/types\/page"}],"author":[{"embeddable":true,"href":"https:\/\/peluqueriasebastian.com\/index.php\/wp-json\/wp\/v2\/users\/1"}],"replies":[{"embeddable":true,"href":"https:\/\/peluqueriasebastian.com\/index.php\/wp-json\/wp\/v2\/comments?post=338"}],"version-history":[{"count":40,"href":"https:\/\/peluqueriasebastian.com\/index.php\/wp-json\/wp\/v2\/pages\/338\/revisions"}],"predecessor-version":[{"id":957,"href":"https:\/\/peluqueriasebastian.com\/index.php\/wp-json\/wp\/v2\/pages\/338\/revisions\/957"}],"wp:attachment":[{"href":"https:\/\/peluqueriasebastian.com\/index.php\/wp-json\/wp\/v2\/media?parent=338"}],"curies":[{"name":"wp","href":"https:\/\/api.w.org\/{rel}","templated":true}]}}