{"id":301,"date":"2026-03-16T13:07:49","date_gmt":"2026-03-16T13:07:49","guid":{"rendered":"https:\/\/peluqueriasebastian.com\/?page_id=301"},"modified":"2026-03-17T15:30:40","modified_gmt":"2026-03-17T14:30:40","slug":"extensiones","status":"publish","type":"page","link":"https:\/\/peluqueriasebastian.com\/index.php\/extensiones\/","title":{"rendered":"extensiones"},"content":{"rendered":"\t\t<div data-elementor-type=\"wp-page\" data-elementor-id=\"301\" class=\"elementor elementor-301\" data-elementor-post-type=\"page\">\n\t\t\t\t<div class=\"elementor-element elementor-element-a158636 e-con-full e-flex e-con e-parent\" data-id=\"a158636\" data-element_type=\"container\" data-e-type=\"container\" data-settings=\"{&quot;background_background&quot;:&quot;classic&quot;}\">\n\t\t<div class=\"elementor-element elementor-element-a7361f9 e-con-full e-flex e-con e-child\" data-id=\"a7361f9\" data-element_type=\"container\" data-e-type=\"container\">\n\t\t<div class=\"elementor-element elementor-element-2a68dc3 e-con-full e-flex e-con e-child\" data-id=\"2a68dc3\" data-element_type=\"container\" data-e-type=\"container\">\n\t\t\t\t<div class=\"elementor-element elementor-element-dcf91cb elementor-widget elementor-widget-heading\" data-id=\"dcf91cb\" data-element_type=\"widget\" data-e-type=\"widget\" data-widget_type=\"heading.default\">\n\t\t\t\t\t<h1 class=\"elementor-heading-title elementor-size-default\">Extensiones<\/h1>\t\t\t\t<\/div>\n\t\t\t\t<div class=\"elementor-element elementor-element-8e84f7c elementor-widget elementor-widget-text-editor\" data-id=\"8e84f7c\" data-element_type=\"widget\" data-e-type=\"widget\" data-widget_type=\"text-editor.default\">\n\t\t\t\t\t\t\t\t\t<p>Servicio orientado a aportar longitud, densidad o mejorar el acabado del cabello con un\u00a0<span style=\"letter-spacing: 0px; word-spacing: 0em;\">resultado natural e integrado.<\/span><\/p>\t\t\t\t\t\t\t\t<\/div>\n\t\t\t\t<\/div>\n\t\t\t\t<div class=\"elementor-element elementor-element-16f824f elementor-widget elementor-widget-image\" data-id=\"16f824f\" data-element_type=\"widget\" data-e-type=\"widget\" data-widget_type=\"image.default\">\n\t\t\t\t\t\t\t\t\t\t\t\t\t\t\t<img fetchpriority=\"high\" decoding=\"async\" width=\"934\" height=\"571\" src=\"https:\/\/peluqueriasebastian.com\/wp-content\/uploads\/2026\/03\/Captura-de-pantalla-2026-03-17-133446.png\" class=\"attachment-full size-full wp-image-822\" alt=\"\" srcset=\"https:\/\/peluqueriasebastian.com\/wp-content\/uploads\/2026\/03\/Captura-de-pantalla-2026-03-17-133446.png 934w, https:\/\/peluqueriasebastian.com\/wp-content\/uploads\/2026\/03\/Captura-de-pantalla-2026-03-17-133446-300x183.png 300w, https:\/\/peluqueriasebastian.com\/wp-content\/uploads\/2026\/03\/Captura-de-pantalla-2026-03-17-133446-768x470.png 768w\" sizes=\"(max-width: 934px) 100vw, 934px\" \/>\t\t\t\t\t\t\t\t\t\t\t\t\t\t\t<\/div>\n\t\t\t\t<\/div>\n\t\t<div class=\"elementor-element elementor-element-94f5726 e-con-full e-flex e-con e-child\" data-id=\"94f5726\" data-element_type=\"container\" data-e-type=\"container\">\n\t\t<div class=\"elementor-element elementor-element-d9bc84a e-con-full e-flex e-con e-child\" data-id=\"d9bc84a\" data-element_type=\"container\" data-e-type=\"container\">\n\t\t\t\t<div class=\"elementor-element elementor-element-4905abc elementor-widget elementor-widget-text-editor\" data-id=\"4905abc\" data-element_type=\"widget\" data-e-type=\"widget\" data-widget_type=\"text-editor.default\">\n\t\t\t\t\t\t\t\t\t<p>En nuestra peluquer\u00eda ofrecemos un servicio de extensiones pensado para aportar mayor longitud, volumen o mejorar el acabado del cabello de forma natural. Realizamos una valoraci\u00f3n personalizada para elegir el tipo de extensi\u00f3n que mejor se adapte al cabello de cada clienta. Nuestro objetivo es lograr un resultado integrado y arm\u00f3nico con el cabello natural.<\/p>\t\t\t\t\t\t\t\t<\/div>\n\t\t\t\t<\/div>\n\t\t\t\t<div class=\"elementor-element elementor-element-849a86b elementor-widget elementor-widget-image\" data-id=\"849a86b\" data-element_type=\"widget\" data-e-type=\"widget\" data-widget_type=\"image.default\">\n\t\t\t\t\t\t\t\t\t\t\t\t\t\t\t<img decoding=\"async\" width=\"1440\" height=\"1800\" src=\"https:\/\/peluqueriasebastian.com\/wp-content\/uploads\/2026\/03\/486313216_9661593877226455_6729147721435542972_n.jpg\" class=\"attachment-full size-full wp-image-618\" alt=\"\" srcset=\"https:\/\/peluqueriasebastian.com\/wp-content\/uploads\/2026\/03\/486313216_9661593877226455_6729147721435542972_n.jpg 1440w, https:\/\/peluqueriasebastian.com\/wp-content\/uploads\/2026\/03\/486313216_9661593877226455_6729147721435542972_n-240x300.jpg 240w, https:\/\/peluqueriasebastian.com\/wp-content\/uploads\/2026\/03\/486313216_9661593877226455_6729147721435542972_n-819x1024.jpg 819w, https:\/\/peluqueriasebastian.com\/wp-content\/uploads\/2026\/03\/486313216_9661593877226455_6729147721435542972_n-768x960.jpg 768w, https:\/\/peluqueriasebastian.com\/wp-content\/uploads\/2026\/03\/486313216_9661593877226455_6729147721435542972_n-1229x1536.jpg 1229w\" sizes=\"(max-width: 1440px) 100vw, 1440px\" \/>\t\t\t\t\t\t\t\t\t\t\t\t\t\t\t<\/div>\n\t\t\t\t<\/div>\n\t\t\t\t<\/div>\n\t\t<div class=\"elementor-element elementor-element-33b07f7 e-con-full e-flex e-con e-parent\" data-id=\"33b07f7\" data-element_type=\"container\" data-e-type=\"container\" data-settings=\"{&quot;background_background&quot;:&quot;classic&quot;}\">\n\t\t<div class=\"elementor-element elementor-element-229dfbe e-con-full e-flex e-con e-child\" data-id=\"229dfbe\" data-element_type=\"container\" data-e-type=\"container\">\n\t\t<div class=\"elementor-element elementor-element-9cf9e39 e-con-full e-flex e-con e-child\" data-id=\"9cf9e39\" data-element_type=\"container\" data-e-type=\"container\">\n\t\t\t\t<div class=\"elementor-element elementor-element-0529d12 elementor-widget elementor-widget-text-editor\" data-id=\"0529d12\" data-element_type=\"widget\" data-e-type=\"widget\" data-widget_type=\"text-editor.default\">\n\t\t\t\t\t\t\t\t\t<p>El servicio de extensiones est\u00e1 dise\u00f1ado para transformar el cabello respetando siempre su aspecto natural. Analizamos el tipo, color y textura del cabello para integrar las extensiones de manera equilibrada. Adem\u00e1s, asesoramos sobre el mantenimiento adecuado para conservar un resultado bonito y duradero.<\/p>\t\t\t\t\t\t\t\t<\/div>\n\t\t\t\t<\/div>\n\t\t\t\t<div class=\"elementor-element elementor-element-cf24543 elementor-widget elementor-widget-image\" data-id=\"cf24543\" data-element_type=\"widget\" data-e-type=\"widget\" data-widget_type=\"image.default\">\n\t\t\t\t\t\t\t\t\t\t\t\t\t\t\t<img decoding=\"async\" width=\"1024\" height=\"684\" src=\"https:\/\/peluqueriasebastian.com\/wp-content\/uploads\/2026\/03\/que-extensiones-de-pelo-son-las-ideales-para-ti_img115800t1.jpg\" class=\"attachment-full size-full wp-image-950\" alt=\"\" srcset=\"https:\/\/peluqueriasebastian.com\/wp-content\/uploads\/2026\/03\/que-extensiones-de-pelo-son-las-ideales-para-ti_img115800t1.jpg 1024w, https:\/\/peluqueriasebastian.com\/wp-content\/uploads\/2026\/03\/que-extensiones-de-pelo-son-las-ideales-para-ti_img115800t1-300x200.jpg 300w, https:\/\/peluqueriasebastian.com\/wp-content\/uploads\/2026\/03\/que-extensiones-de-pelo-son-las-ideales-para-ti_img115800t1-768x513.jpg 768w\" sizes=\"(max-width: 1024px) 100vw, 1024px\" \/>\t\t\t\t\t\t\t\t\t\t\t\t\t\t\t<\/div>\n\t\t\t\t<\/div>\n\t\t<div class=\"elementor-element elementor-element-c36273c e-con-full e-flex e-con e-child\" data-id=\"c36273c\" data-element_type=\"container\" data-e-type=\"container\">\n\t\t<div class=\"elementor-element elementor-element-4ef5e43 e-con-full e-flex e-con e-child\" data-id=\"4ef5e43\" data-element_type=\"container\" data-e-type=\"container\">\n\t\t\t\t<div class=\"elementor-element elementor-element-a988b24 elementor-widget elementor-widget-text-editor\" data-id=\"a988b24\" data-element_type=\"widget\" data-e-type=\"widget\" data-widget_type=\"text-editor.default\">\n\t\t\t\t\t\t\t\t\t<p>Con nuestro servicio de extensiones ayudamos a conseguir m\u00e1s longitud, densidad o un acabado m\u00e1s completo en el cabello. Trabajamos de forma personalizada para que las extensiones se integren perfectamente con el cabello natural. Tambi\u00e9n ofrecemos asesoramiento profesional para garantizar un cuidado y mantenimiento adecuados.<\/p>\t\t\t\t\t\t\t\t<\/div>\n\t\t\t\t<\/div>\n\t\t\t\t<div class=\"elementor-element elementor-element-bb09ce4 elementor-widget elementor-widget-image\" data-id=\"bb09ce4\" data-element_type=\"widget\" data-e-type=\"widget\" data-widget_type=\"image.default\">\n\t\t\t\t\t\t\t\t\t\t\t\t\t\t\t<img loading=\"lazy\" decoding=\"async\" width=\"850\" height=\"505\" src=\"https:\/\/peluqueriasebastian.com\/wp-content\/uploads\/2026\/03\/tipos-extensiones-cabello-portada-Dani-Marie-blog.png\" class=\"attachment-full size-full wp-image-949\" alt=\"\" srcset=\"https:\/\/peluqueriasebastian.com\/wp-content\/uploads\/2026\/03\/tipos-extensiones-cabello-portada-Dani-Marie-blog.png 850w, https:\/\/peluqueriasebastian.com\/wp-content\/uploads\/2026\/03\/tipos-extensiones-cabello-portada-Dani-Marie-blog-300x178.png 300w, https:\/\/peluqueriasebastian.com\/wp-content\/uploads\/2026\/03\/tipos-extensiones-cabello-portada-Dani-Marie-blog-768x456.png 768w\" sizes=\"(max-width: 850px) 100vw, 850px\" \/>\t\t\t\t\t\t\t\t\t\t\t\t\t\t\t<\/div>\n\t\t\t\t<\/div>\n\t\t\t\t<\/div>\n\t\t\t\t<\/div>\n\t\t","protected":false},"excerpt":{"rendered":"<p>Extensiones Servicio orientado a aportar longitud, densidad o mejorar el acabado del cabello con un\u00a0resultado natural e integrado. En nuestra peluquer\u00eda ofrecemos un servicio de extensiones pensado para aportar mayor longitud, volumen o mejorar el acabado del cabello de forma natural. Realizamos una valoraci\u00f3n personalizada para elegir el tipo de extensi\u00f3n que mejor se adapte [&hellip;]<\/p>\n","protected":false},"author":1,"featured_media":0,"parent":0,"menu_order":0,"comment_status":"closed","ping_status":"closed","template":"elementor_header_footer","meta":{"footnotes":""},"class_list":["post-301","page","type-page","status-publish","hentry"],"_links":{"self":[{"href":"https:\/\/peluqueriasebastian.com\/index.php\/wp-json\/wp\/v2\/pages\/301","targetHints":{"allow":["GET"]}}],"collection":[{"href":"https:\/\/peluqueriasebastian.com\/index.php\/wp-json\/wp\/v2\/pages"}],"about":[{"href":"https:\/\/peluqueriasebastian.com\/index.php\/wp-json\/wp\/v2\/types\/page"}],"author":[{"embeddable":true,"href":"https:\/\/peluqueriasebastian.com\/index.php\/wp-json\/wp\/v2\/users\/1"}],"replies":[{"embeddable":true,"href":"https:\/\/peluqueriasebastian.com\/index.php\/wp-json\/wp\/v2\/comments?post=301"}],"version-history":[{"count":37,"href":"https:\/\/peluqueriasebastian.com\/index.php\/wp-json\/wp\/v2\/pages\/301\/revisions"}],"predecessor-version":[{"id":954,"href":"https:\/\/peluqueriasebastian.com\/index.php\/wp-json\/wp\/v2\/pages\/301\/revisions\/954"}],"wp:attachment":[{"href":"https:\/\/peluqueriasebastian.com\/index.php\/wp-json\/wp\/v2\/media?parent=301"}],"curies":[{"name":"wp","href":"https:\/\/api.w.org\/{rel}","templated":true}]}}