{"id":204,"date":"2026-03-16T12:43:51","date_gmt":"2026-03-16T12:43:51","guid":{"rendered":"https:\/\/peluqueriasebastian.com\/?page_id=204"},"modified":"2026-03-17T15:08:37","modified_gmt":"2026-03-17T14:08:37","slug":"noviasinvitadas","status":"publish","type":"page","link":"https:\/\/peluqueriasebastian.com\/index.php\/noviasinvitadas\/","title":{"rendered":"Novias&amp;invitadas"},"content":{"rendered":"\t\t<div data-elementor-type=\"wp-page\" data-elementor-id=\"204\" class=\"elementor elementor-204\" data-elementor-post-type=\"page\">\n\t\t\t\t<div class=\"elementor-element elementor-element-8df1ded e-con-full e-flex e-con e-parent\" data-id=\"8df1ded\" data-element_type=\"container\" data-e-type=\"container\" data-settings=\"{&quot;background_background&quot;:&quot;classic&quot;}\">\n\t\t<div class=\"elementor-element elementor-element-a96e867 e-con-full e-flex e-con e-child\" data-id=\"a96e867\" data-element_type=\"container\" data-e-type=\"container\">\n\t\t<div class=\"elementor-element elementor-element-bf31271 e-con-full e-flex e-con e-child\" data-id=\"bf31271\" data-element_type=\"container\" data-e-type=\"container\">\n\t\t\t\t<div class=\"elementor-element elementor-element-b9c76ff elementor-widget elementor-widget-heading\" data-id=\"b9c76ff\" data-element_type=\"widget\" data-e-type=\"widget\" data-widget_type=\"heading.default\">\n\t\t\t\t\t<h1 class=\"elementor-heading-title elementor-size-default\">Novias e invitadas<\/h1>\t\t\t\t<\/div>\n\t\t\t\t<div class=\"elementor-element elementor-element-73b9530 elementor-widget elementor-widget-text-editor\" data-id=\"73b9530\" data-element_type=\"widget\" data-e-type=\"widget\" data-widget_type=\"text-editor.default\">\n\t\t\t\t\t\t\t\t\t<p>Servicio especializado para bodas y eventos, enfocado en crear un look cuidado, duradero y acorde al estilo de la clienta.<\/p>\t\t\t\t\t\t\t\t<\/div>\n\t\t\t\t<\/div>\n\t\t\t\t<div class=\"elementor-element elementor-element-6991387 elementor-widget elementor-widget-image\" data-id=\"6991387\" data-element_type=\"widget\" data-e-type=\"widget\" data-widget_type=\"image.default\">\n\t\t\t\t\t\t\t\t\t\t\t\t\t\t\t<img fetchpriority=\"high\" decoding=\"async\" width=\"1920\" height=\"1282\" src=\"https:\/\/peluqueriasebastian.com\/wp-content\/uploads\/2026\/03\/peinado-boda-vestido-portada.jpg\" class=\"attachment-full size-full wp-image-918\" alt=\"\" srcset=\"https:\/\/peluqueriasebastian.com\/wp-content\/uploads\/2026\/03\/peinado-boda-vestido-portada.jpg 1920w, https:\/\/peluqueriasebastian.com\/wp-content\/uploads\/2026\/03\/peinado-boda-vestido-portada-300x200.jpg 300w, https:\/\/peluqueriasebastian.com\/wp-content\/uploads\/2026\/03\/peinado-boda-vestido-portada-1024x684.jpg 1024w, https:\/\/peluqueriasebastian.com\/wp-content\/uploads\/2026\/03\/peinado-boda-vestido-portada-768x513.jpg 768w, https:\/\/peluqueriasebastian.com\/wp-content\/uploads\/2026\/03\/peinado-boda-vestido-portada-1536x1026.jpg 1536w\" sizes=\"(max-width: 1920px) 100vw, 1920px\" \/>\t\t\t\t\t\t\t\t\t\t\t\t\t\t\t<\/div>\n\t\t\t\t<\/div>\n\t\t<div class=\"elementor-element elementor-element-66687cc e-con-full e-flex e-con e-child\" data-id=\"66687cc\" data-element_type=\"container\" data-e-type=\"container\">\n\t\t<div class=\"elementor-element elementor-element-77cc2fa e-con-full e-flex e-con e-child\" data-id=\"77cc2fa\" data-element_type=\"container\" data-e-type=\"container\">\n\t\t\t\t<div class=\"elementor-element elementor-element-2aece4b elementor-widget elementor-widget-text-editor\" data-id=\"2aece4b\" data-element_type=\"widget\" data-e-type=\"widget\" data-widget_type=\"text-editor.default\">\n\t\t\t\t\t\t\t\t\t<p>En nuestra peluquer\u00eda ofrecemos un servicio especializado para novias e invitadas que buscan un look elegante, cuidado y duradero para un d\u00eda especial. Analizamos el estilo del vestido, las facciones y el tipo de cabello para crear un peinado que armonice con todo el conjunto. Adem\u00e1s, ofrecemos prueba previa y asesoramiento personalizado para que el resultado final refleje la personalidad y el estilo de cada clienta.<\/p>\t\t\t\t\t\t\t\t<\/div>\n\t\t\t\t<\/div>\n\t\t\t\t<div class=\"elementor-element elementor-element-cb2d91c elementor-widget elementor-widget-image\" data-id=\"cb2d91c\" data-element_type=\"widget\" data-e-type=\"widget\" data-widget_type=\"image.default\">\n\t\t\t\t\t\t\t\t\t\t\t\t\t\t\t<img decoding=\"async\" width=\"850\" height=\"595\" src=\"https:\/\/peluqueriasebastian.com\/wp-content\/uploads\/2026\/03\/peinados-novia-2.png\" class=\"attachment-full size-full wp-image-919\" alt=\"\" srcset=\"https:\/\/peluqueriasebastian.com\/wp-content\/uploads\/2026\/03\/peinados-novia-2.png 850w, https:\/\/peluqueriasebastian.com\/wp-content\/uploads\/2026\/03\/peinados-novia-2-300x210.png 300w, https:\/\/peluqueriasebastian.com\/wp-content\/uploads\/2026\/03\/peinados-novia-2-768x538.png 768w\" sizes=\"(max-width: 850px) 100vw, 850px\" \/>\t\t\t\t\t\t\t\t\t\t\t\t\t\t\t<\/div>\n\t\t\t\t<\/div>\n\t\t\t\t<\/div>\n\t\t<div class=\"elementor-element elementor-element-9dab898 e-con-full e-flex e-con e-parent\" data-id=\"9dab898\" data-element_type=\"container\" data-e-type=\"container\" data-settings=\"{&quot;background_background&quot;:&quot;classic&quot;}\">\n\t\t<div class=\"elementor-element elementor-element-a3324b0 e-con-full e-flex e-con e-child\" data-id=\"a3324b0\" data-element_type=\"container\" data-e-type=\"container\">\n\t\t<div class=\"elementor-element elementor-element-9a572f7 e-con-full e-flex e-con e-child\" data-id=\"9a572f7\" data-element_type=\"container\" data-e-type=\"container\">\n\t\t\t\t<div class=\"elementor-element elementor-element-ffc8866 elementor-widget elementor-widget-text-editor\" data-id=\"ffc8866\" data-element_type=\"widget\" data-e-type=\"widget\" data-widget_type=\"text-editor.default\">\n\t\t\t\t\t\t\t\t\t<p>Cada boda o evento merece un look \u00fanico. En nuestro sal\u00f3n dise\u00f1amos peinados para novias e invitadas teniendo en cuenta el vestido, el tipo de cabello y el acabado deseado. Realizamos pruebas previas y asesoramos a cada clienta para lograr un resultado equilibrado, elegante y duradero que se mantenga perfecto durante toda la celebraci\u00f3n.<\/p>\t\t\t\t\t\t\t\t<\/div>\n\t\t\t\t<\/div>\n\t\t\t\t<div class=\"elementor-element elementor-element-68846f9 elementor-widget elementor-widget-image\" data-id=\"68846f9\" data-element_type=\"widget\" data-e-type=\"widget\" data-widget_type=\"image.default\">\n\t\t\t\t\t\t\t\t\t\t\t\t\t\t\t<img decoding=\"async\" width=\"800\" height=\"452\" src=\"https:\/\/peluqueriasebastian.com\/wp-content\/uploads\/2026\/03\/min20941.jpg\" class=\"attachment-full size-full wp-image-921\" alt=\"\" srcset=\"https:\/\/peluqueriasebastian.com\/wp-content\/uploads\/2026\/03\/min20941.jpg 800w, https:\/\/peluqueriasebastian.com\/wp-content\/uploads\/2026\/03\/min20941-300x170.jpg 300w, https:\/\/peluqueriasebastian.com\/wp-content\/uploads\/2026\/03\/min20941-768x434.jpg 768w\" sizes=\"(max-width: 800px) 100vw, 800px\" \/>\t\t\t\t\t\t\t\t\t\t\t\t\t\t\t<\/div>\n\t\t\t\t<\/div>\n\t\t<div class=\"elementor-element elementor-element-0789426 e-con-full e-flex e-con e-child\" data-id=\"0789426\" data-element_type=\"container\" data-e-type=\"container\">\n\t\t<div class=\"elementor-element elementor-element-8d093e4 e-con-full e-flex e-con e-child\" data-id=\"8d093e4\" data-element_type=\"container\" data-e-type=\"container\">\n\t\t\t\t<div class=\"elementor-element elementor-element-16a31f2 elementor-widget elementor-widget-text-editor\" data-id=\"16a31f2\" data-element_type=\"widget\" data-e-type=\"widget\" data-widget_type=\"text-editor.default\">\n\t\t\t\t\t\t\t\t\t<p>Nuestro servicio de peluquer\u00eda para novias e invitadas est\u00e1 pensado para realzar la belleza natural de cada mujer en ocasiones especiales. Trabajamos de forma personalizada, estudiando las facciones, el estilo del evento y el vestido para crear un peinado que encaje perfectamente. Con pruebas previas y asesoramiento profesional, garantizamos un look cuidado y adaptado a cada clienta.<\/p>\t\t\t\t\t\t\t\t<\/div>\n\t\t\t\t<\/div>\n\t\t\t\t<div class=\"elementor-element elementor-element-478e056 elementor-widget elementor-widget-image\" data-id=\"478e056\" data-element_type=\"widget\" data-e-type=\"widget\" data-widget_type=\"image.default\">\n\t\t\t\t\t\t\t\t\t\t\t\t\t\t\t<img loading=\"lazy\" decoding=\"async\" width=\"700\" height=\"350\" src=\"https:\/\/peluqueriasebastian.com\/wp-content\/uploads\/2026\/03\/210.png\" class=\"attachment-full size-full wp-image-920\" alt=\"\" srcset=\"https:\/\/peluqueriasebastian.com\/wp-content\/uploads\/2026\/03\/210.png 700w, https:\/\/peluqueriasebastian.com\/wp-content\/uploads\/2026\/03\/210-300x150.png 300w\" sizes=\"(max-width: 700px) 100vw, 700px\" \/>\t\t\t\t\t\t\t\t\t\t\t\t\t\t\t<\/div>\n\t\t\t\t<\/div>\n\t\t\t\t<\/div>\n\t\t\t\t<\/div>\n\t\t","protected":false},"excerpt":{"rendered":"<p>Novias e invitadas Servicio especializado para bodas y eventos, enfocado en crear un look cuidado, duradero y acorde al estilo de la clienta. En nuestra peluquer\u00eda ofrecemos un servicio especializado para novias e invitadas que buscan un look elegante, cuidado y duradero para un d\u00eda especial. Analizamos el estilo del vestido, las facciones y el [&hellip;]<\/p>\n","protected":false},"author":1,"featured_media":0,"parent":0,"menu_order":0,"comment_status":"closed","ping_status":"closed","template":"elementor_header_footer","meta":{"footnotes":""},"class_list":["post-204","page","type-page","status-publish","hentry"],"_links":{"self":[{"href":"https:\/\/peluqueriasebastian.com\/index.php\/wp-json\/wp\/v2\/pages\/204","targetHints":{"allow":["GET"]}}],"collection":[{"href":"https:\/\/peluqueriasebastian.com\/index.php\/wp-json\/wp\/v2\/pages"}],"about":[{"href":"https:\/\/peluqueriasebastian.com\/index.php\/wp-json\/wp\/v2\/types\/page"}],"author":[{"embeddable":true,"href":"https:\/\/peluqueriasebastian.com\/index.php\/wp-json\/wp\/v2\/users\/1"}],"replies":[{"embeddable":true,"href":"https:\/\/peluqueriasebastian.com\/index.php\/wp-json\/wp\/v2\/comments?post=204"}],"version-history":[{"count":91,"href":"https:\/\/peluqueriasebastian.com\/index.php\/wp-json\/wp\/v2\/pages\/204\/revisions"}],"predecessor-version":[{"id":927,"href":"https:\/\/peluqueriasebastian.com\/index.php\/wp-json\/wp\/v2\/pages\/204\/revisions\/927"}],"wp:attachment":[{"href":"https:\/\/peluqueriasebastian.com\/index.php\/wp-json\/wp\/v2\/media?parent=204"}],"curies":[{"name":"wp","href":"https:\/\/api.w.org\/{rel}","templated":true}]}}